{"id":93,"date":"2019-10-01T05:41:07","date_gmt":"2019-10-01T05:41:07","guid":{"rendered":"http:\/\/lgbtiberatungsaar.de\/?page_id=93"},"modified":"2019-10-09T14:25:08","modified_gmt":"2019-10-09T14:25:08","slug":"datenschutzerklaerung","status":"publish","type":"page","link":"https:\/\/lgbtiberatungsaar.de\/?page_id=93","title":{"rendered":"Datenschutzerkl\u00e4rung"},"content":{"rendered":"<h1>Erkl\u00e4rung zum Datenschutz des Lesben- und Schwulenverbandes (LSVD)<\/h1>\n<div class=\"csc-header csc-header-n1\"><\/div>\n<p class=\"bodytext\">Wir nehmen den Schutz Ihrer pers\u00f6nlichen Daten sehr ernst. Der Datenschutz ist durch die <a class=\"external-link-new-window\" href=\"https:\/\/dsgvo-gesetz.de\/\" target=\"_blank\" rel=\"noopener noreferrer\">&#8222;EU-Datenschutz-Grundverordnung (DSGVO)&#8220;<\/a> und durch das <a class=\"external-link-new-window\" href=\"http:\/\/www.gesetze-im-internet.de\/bdsg_2018\/\" target=\"_blank\" rel=\"noopener noreferrer\">Bundesdatenschutzgesetz 2018<\/a> neu geregelt worden. Die neuen Regelungen sind seit 25.05.2018 in Kraft. Beide Regelungen beziehen sich auf die \u00dcbermittlung, Speicherung und Bearbeitung von personenbezogenen Daten und enthalten Vorschriften zum Schutz nat\u00fcrlicher Personen bei der Verarbeitung personenbezogener Daten und zum freien Verkehr solcher Daten.<\/p>\n<p class=\"bodytext\">Der offizielle Titel der DSGVO lautet: \u201e<a class=\"external-link-new-window\" href=\"https:\/\/eur-lex.europa.eu\/legal-content\/DE\/TXT\/PDF\/?uri=CELEX:32016R0679&amp;from=DE\" target=\"_blank\" rel=\"noopener noreferrer\">Verordnung (EU) 2016\/679<\/a> des Europ\u00e4ischen Parlaments und des Rates vom 27. April 2016 zum Schutz nat\u00fcrlicher Personen bei der Verarbeitung personenbezogener Daten, zum freien Datenverkehr und zur Aufhebung der Richtlinie 95\/46\/EG (Datenschutz-Grundverordnung)\u201c.<\/p>\n<p class=\"bodytext\">Die nachfolgende Erkl\u00e4rung gibt Ihnen einen \u00dcberblick, wie wir diesen Schutz gew\u00e4hrleisten, insbesondere welche Art von Daten beim Besuch und Nutzung der LSVD-Homepage zu welchem Zweck erhoben, verarbeitet und genutzt werden und welche Rechte Ihnen gesetzlich zustehen.<\/p>\n<p>&nbsp;<\/p>\n<h2>I. Verantwortliche Stelle im Sinne der Datenschutzgesetze, insbesondere der EU-Datenschutzgrundverordnung (DSGVO), ist:<\/h2>\n<p>LSVD Landesverband Saar e.V.<br \/>\nMainzer Str. 44<br \/>\n66121 Saarbr\u00fccken<\/p>\n<p><b>Vertreten durch den Vorstand des LSVD Saar:<\/b><\/p>\n<p>Christian Bart<br \/>\nFrank Biehler<br \/>\nVeronique Hoffmann<br \/>\nBernhard Kullmann<br \/>\nIrene Portugall<br \/>\nTim Stefaniak<br \/>\nSebastian Thul<\/p>\n<p><strong>Technische Administration der Webseite:<\/strong><\/p>\n<p>Sebastian Lang<\/p>\n<p>&nbsp;<\/p>\n<h2 class=\"bodytext\">II. Datenschutzbeauftragter<\/h2>\n<p class=\"bodytext\">Rechtsanwalt Dr. Thomas Hahn<br \/>\nReinhardtstr. 12<br \/>\n10117 Berlin<br \/>\nTel.: 030 \/ 28 49 58 90<br \/>\nE-Mail: <a>kanzlei(at)rahahn(dot)de<\/a><\/p>\n<p>&nbsp;<\/p>\n<h2>III. Allgemeines zur Datenverarbeitung<\/h2>\n<h3>Ihre Betroffenenrechte<\/h3>\n<p class=\"bodytext\">Unter den angegebenen Kontaktdaten unseres Datenschutzbeauftragten k\u00f6nnen Sie jederzeit folgende Rechte aus\u00fcben:<\/p>\n<ul>\n<li>Auskunftsrecht der betroffenen Person (Art. 15 DSGVO)<\/li>\n<li>Recht auf Berichtigung sie betreffender unrichtiger personenbezogener Daten (Art. 16 DSGVO)<\/li>\n<li>Recht auf L\u00f6schung (Art. 17 DSGVO)<\/li>\n<li>Recht auf Einschr\u00e4nkung der Verarbeitung (Art. 18 DSGVO)<\/li>\n<li>Recht auf Daten\u00fcbertragbarkeit (Art. 20 DSGVO)<\/li>\n<li>Recht auf Widerspruch (Art. 21 DSGVO)<\/li>\n<\/ul>\n<p class=\"bodytext\">Sofern Sie uns eine Einwilligung erteilt haben, k\u00f6nnen Sie diese jederzeit mit Wirkung f\u00fcr die Zukunft widerrufen.<\/p>\n<p class=\"bodytext\">Sie k\u00f6nnen sich jederzeit mit einer Beschwerde an die f\u00fcr Sie zust\u00e4ndige Aufsichtsbeh\u00f6rde wenden. Ihre zust\u00e4ndige Aufsichtsbeh\u00f6rde richtet sich nach dem Bundesland Ihres Wohnsitzes, Ihrer Arbeit oder der mutma\u00dflichen Verletzung. Eine Liste der Aufsichtsbeh\u00f6rden (f\u00fcr den nicht\u00f6ffentlichen Bereich) mit Anschrift finden Sie hier: <a href=\"https:\/\/www.bfdi.bund.de\/DE\/Infothek\/Anschriften_Links\/anschriften_links-node.html\" target=\"_blank\" rel=\"noopener noreferrer\">https:\/\/www.bfdi.bund.de\/DE\/Infothek\/Anschriften_Links\/anschriften_links-node.html<\/a><\/p>\n<h3><\/h3>\n<h3>Zwecke der Datenverarbeitung durch die verantwortliche Stelle und Dritte<\/h3>\n<p class=\"bodytext\">Die Verarbeitung von personenbezogenen Daten durch den LSVD folgt nach den in Art. 5 der DSGVO vorgebenden Grunds\u00e4tzen:<\/p>\n<ul>\n<li>Rechtm\u00e4\u00dfigkeit, Verarbeitung nach Treu und Glauben, Transparenz<\/li>\n<li>Zweckbindung<\/li>\n<li>Datenminimierung<\/li>\n<li>Richtigkeit der Daten<\/li>\n<li>Speicherbegrenzung<\/li>\n<li>In einer Weise, die eine angemessene Sicherheit der Daten gew\u00e4hrleistet<\/li>\n<\/ul>\n<p class=\"bodytext\">Wir verarbeiten Ihre personenbezogenen Daten dabei ausschlie\u00dflich zu den in dieser Datenschutzerkl\u00e4rung genannten Zwecken. Eine \u00dcbermittlung Ihrer pers\u00f6nlichen Daten an Dritte zu anderen als den genannten Zwecken findet nicht statt. Wir geben Ihre pers\u00f6nlichen Daten nur an Dritte weiter, wenn:<\/p>\n<ul>\n<li>Sie Ihre ausdr\u00fcckliche Einwilligung dazu erteilt haben,<\/li>\n<li>die Verarbeitung zur Abwicklung eines Vertrags mit Ihnen erforderlich ist,<\/li>\n<li>die Verarbeitung zur Erf\u00fcllung einer rechtlichen Verpflichtung erforderlich ist,<\/li>\n<li>die Verarbeitung zur Wahrung berechtigter Interessen erforderlich ist und kein Grund zur Annahme besteht, dass Sie ein \u00fcberwiegendes schutzw\u00fcrdiges Interesse an der Nichtweitergabe Ihrer Daten haben.<\/li>\n<\/ul>\n<p class=\"bodytext\">Soweit wir Dienstleister zur technischen Unterst\u00fctzung der Datenverarbeitung einschalten, erfolgt dieser unter strikter Einhaltung der Vorschriften \u00fcber die Auftragsdatenverarbeitung (Artikel 28 DSGVO).<\/p>\n<h3><\/h3>\n<h3>Rechtsgrundlage f\u00fcr die Verarbeitung personenbezogener Daten<\/h3>\n<p class=\"bodytext\">Wenn wir f\u00fcr Verarbeitungsvorg\u00e4nge personenbezogener Daten eine Einwilligung der betroffenen Person einholen, dient Art. 6 Abs. 1 lit. a DSGVO als Rechtsgrundlage.<\/p>\n<p class=\"bodytext\">Bei Verarbeitung von personenbezogenen Daten, die zur Erf\u00fcllung eines Vertrages erforderlich ist, dient Art. 6 Abs. 1 lit. b DSGVO als Rechtsgrundlage. Dies gilt auch f\u00fcr Verarbeitungsvorg\u00e4nge, die zur Durchf\u00fchrung vorvertraglicher Ma\u00dfnahmen erforderlich sind.<\/p>\n<p class=\"bodytext\">Soweit eine Verarbeitung personenbezogener Daten zur Erf\u00fcllung einer rechtlichen Verpflichtung erforderlich ist, der der LSVD unterliegt, dient Art. 6 Abs. 1 lit. c DSGVO als Rechtsgrundlage.<\/p>\n<p class=\"bodytext\">Wenn lebenswichtige Interessen der betroffenen Person oder einer anderen nat\u00fcrlichen Person eine Verarbeitung personenbezogener Daten erforderlich machen, dient Art. 6 Abs. 1 lit. d DSGVO als Rechtsgrundlage.<\/p>\n<p class=\"bodytext\">Ist die Verarbeitung zur Wahrung eines berechtigten Interesses des LSVD oder eines Dritten erforderlich und \u00fcberwiegen die Interessen, Grundrechte und Grundfreiheiten des Betroffenen das erstgenannte Interesse nicht, so dient Art. 6 Abs. 1 lit. f DSGVO als Rechtsgrundlage f\u00fcr die Verarbeitung.<\/p>\n<h3><\/h3>\n<h3>L\u00f6schung bzw. Sperrung der Daten<\/h3>\n<p class=\"bodytext\">Wir halten uns an die Grunds\u00e4tze der Datenvermeidung und Datensparsamkeit. Wir speichern Ihre personenbezogenen Daten daher nur so lange, wie dies zur Erreichung der hier genannten Zwecke erforderlich ist oder wie es die vom Gesetzgeber vorgesehenen vielf\u00e4ltigen Speicherfristen vorsehen. Nach Fortfall des jeweiligen Zweckes bzw. Ablauf dieser Fristen werden die entsprechenden Daten routinem\u00e4\u00dfig und entsprechend den gesetzlichen Vorschriften gesperrt oder gel\u00f6scht.<\/p>\n<h2><\/h2>\n<h2>IV. Erfassung allgemeiner Informationen beim Besuch unserer Website<\/h2>\n<p class=\"bodytext\">Wenn Sie auf unsere Website zugreifen, werden automatisch mittels eines Cookies Informationen allgemeiner Natur erfasst. Diese Informationen (Server-Logfiles) beinhalten etwa die Art des Webbrowsers, das verwendete Betriebssystem, den Domainnamen Ihres Internet-Service-Providers und \u00e4hnliches.<\/p>\n<h3><\/h3>\n<h3><b>Welche Daten werden verarbeitet?<\/b><\/h3>\n<ul>\n<li>IP-Adresse<\/li>\n<li>die aufgerufene Webseite<\/li>\n<li>Zugriffsstatus<\/li>\n<li>\u00fcbertragende Datenmenge<\/li>\n<li>Informationen zum Browser und Betriebssystem<\/li>\n<li>Datum und Uhrzeit<\/li>\n<li>Internet-Service-Provider<\/li>\n<li>Informationen zu Webseiten, von der unsere Webseite aufgerufen wird<\/li>\n<li>Webseiten, die von unserer Webseite aufgerufen werden<\/li>\n<\/ul>\n<p class=\"bodytext\">Hierbei handelt es sich ausschlie\u00dflich um Informationen, welche keine R\u00fcckschl\u00fcsse auf Ihre Person zulassen.<\/p>\n<p class=\"bodytext\">Diese Informationen sind technisch notwendig, um von Ihnen angeforderte Inhalte von Webseiten korrekt auszuliefern und fallen bei Nutzung des Internets zwingend an. Sie werden insbesondere zu folgenden Zwecken verarbeitet:<\/p>\n<ul>\n<li>Sicherstellung eines problemlosen Verbindungsaufbaus der Website,<\/li>\n<li>Sicherstellung einer reibungslosen Nutzung unserer Website,<\/li>\n<li>Auswertung der Systemsicherheit und -stabilit\u00e4t sowie<\/li>\n<li>zu weiteren administrativen Zwecken.<\/li>\n<\/ul>\n<p class=\"bodytext\">Die Verarbeitung Ihrer personenbezogenen Daten basiert auf unserem berechtigten Interesse aus den vorgenannten Zwecken zur Datenerhebung. Wir verwenden Ihre Daten nicht, um R\u00fcckschl\u00fcsse auf Ihre Person zu ziehen. Empf\u00e4nger der Daten sind nur die verantwortliche Stelle und ggf. Auftragsverarbeiter.<\/p>\n<p class=\"bodytext\">Anonyme Informationen dieser Art werden von uns ggfs. statistisch ausgewertet, um unseren Internetauftritt und die dahinterstehende Technik zu optimieren.<\/p>\n<h3><\/h3>\n<h3>Cookies<\/h3>\n<p class=\"bodytext\">Wie viele andere Webseiten verwenden wir auch sogenannte \u201eCookies\u201c. Cookies sind kleine Textdateien, die von einem Websiteserver auf Ihre Festplatte \u00fcbertragen werden. Hierdurch erhalten wir automatisch bestimmte Daten wie z. B. IP-Adresse, verwendeter Browser, Betriebssystem und Ihre Verbindung zum Internet.<\/p>\n<p class=\"bodytext\">Cookies k\u00f6nnen nicht verwendet werden, um Programme zu starten oder Viren auf einen Computer zu \u00fcbertragen. Anhand der in Cookies enthaltenen Informationen k\u00f6nnen wir Ihnen die Navigation erleichtern und die korrekte Anzeige unserer Webseiten erm\u00f6glichen.<\/p>\n<p class=\"bodytext\">In keinem Fall werden die von uns erfassten Daten an Dritte weitergegeben oder ohne Ihre Einwilligung eine Verkn\u00fcpfung mit personenbezogenen Daten hergestellt.<\/p>\n<p class=\"bodytext\">Nat\u00fcrlich k\u00f6nnen Sie unsere Website grunds\u00e4tzlich auch ohne Cookies betrachten. Internet-Browser sind regelm\u00e4\u00dfig so eingestellt, dass sie Cookies akzeptieren. Im Allgemeinen k\u00f6nnen Sie die Verwendung von Cookies jederzeit \u00fcber die Einstellungen Ihres Browsers deaktivieren. Bitte verwenden Sie die Hilfefunktionen Ihres Internetbrowsers, um zu erfahren, wie Sie diese Einstellungen \u00e4ndern k\u00f6nnen. Bitte beachten Sie, dass einzelne Funktionen unserer Website m\u00f6glicherweise nicht funktionieren, wenn Sie die Verwendung von Cookies deaktiviert haben.<\/p>\n<h3><\/h3>\n<h3>SSL-Verschl\u00fcsselung<\/h3>\n<p class=\"bodytext\">Um die Sicherheit Ihrer Daten bei der \u00dcbertragung zu sch\u00fctzen, verwenden wir dem aktuellen Stand der Technik entsprechende Verschl\u00fcsselungsverfahren (z. B. SSL) \u00fcber HTTPS.<\/p>\n<h3><\/h3>\n<h3>Plugins und Links<\/h3>\n<p class=\"bodytext\"><b>Verwendung von Google Analytics<\/b><\/p>\n<p class=\"bodytext\">Diese Website benutzt Google Analytics, einen Webanalysedienst der Google Inc. (folgend: Google). Google Analytics verwendet sog. \u201eCookies\u201c, also Textdateien, die auf Ihrem Computer gespeichert werden und die eine Analyse der Benutzung der Webseite durch Sie erm\u00f6glichen. Die durch das Cookie erzeugten Informationen \u00fcber Ihre Benutzung dieser Webseite werden in der Regel an einen Server von Google in den USA \u00fcbertragen und dort gespeichert. Aufgrund der Aktivierung der IP-Anonymisierung auf diesen Webseiten, wird Ihre IP-Adresse von Google jedoch innerhalb von Mitgliedstaaten der Europ\u00e4ischen Union oder in anderen Vertragsstaaten des Abkommens \u00fcber den Europ\u00e4ischen Wirtschaftsraum zuvor gek\u00fcrzt. Nur in Ausnahmef\u00e4llen wird die volle IP-Adresse an einen Server von Google in den USA \u00fcbertragen und dort gek\u00fcrzt. Im Auftrag des Betreibers dieser Website wird Google diese Informationen benutzen, um Ihre Nutzung der Webseite auszuwerten, um Reports \u00fcber die Webseitenaktivit\u00e4ten zusammenzustellen und um weitere mit der Websitenutzung und der Internetnutzung verbundene Dienstleistungen gegen\u00fcber dem Webseitenbetreiber zu erbringen. Die im Rahmen von Google Analytics von Ihrem Browser \u00fcbermittelte IP-Adresse wird nicht mit anderen Daten von Google zusammengef\u00fchrt.<\/p>\n<p class=\"bodytext\">Diese Website verwendet Google Analytics mit der Erweiterung \u201e_anonymizeIp()\u201c. Dadurch werden IP-Adressen gek\u00fcrzt weiterverarbeitet, eine Personenbeziehbarkeit kann damit ausgeschlossen werden. Soweit den \u00fcber Sie erhobenen Daten ein Personenbezug zukommt, wird dieser also sofort ausgeschlossen und die personenbezogenen Daten damit umgehend gel\u00f6scht.<\/p>\n<p class=\"bodytext\">Die Zwecke der Datenverarbeitung liegen in der Auswertung der Nutzung der Website und in der Zusammenstellung von Reports \u00fcber Aktivit\u00e4ten auf der Website. Auf Grundlage der Nutzung der Website und des Internets sollen dann weitere verbundene Dienstleistungen erbracht werden. Die Verarbeitung beruht auf dem berechtigten Interesse des Webseitenbetreibers. F\u00fcr die Ausnahmef\u00e4lle, in denen personenbezogene Daten in die USA \u00fcbertragen werden, hat sich Google dem EU-US Privacy Shield unterworfen: <a href=\"https:\/\/www.privacyshield.gov\/EU-US-Framework\" target=\"_blank\" rel=\"noopener noreferrer\">https:\/\/www.privacyshield.gov\/EU-US-Framework<\/a><\/p>\n<p class=\"bodytext\">Sie k\u00f6nnen die Speicherung der Cookies durch eine entsprechende Einstellung Ihrer Browser-Software verhindern; wir weisen Sie jedoch darauf hin, dass Sie in diesem Fall gegebenenfalls nicht s\u00e4mtliche Funktionen dieser Website vollumf\u00e4nglich werden nutzen k\u00f6nnen. Sie k\u00f6nnen dar\u00fcber hinaus die Erfassung der durch das Cookie erzeugten und auf Ihre Nutzung der Webseite bezogenen Daten (inkl. Ihrer IP-Adresse) an Google sowie die Verarbeitung dieser Daten durch Google verhindern, indem sie das unter dem folgenden Link verf\u00fcgbare Browser-Plugin herunterladen und installieren: <a class=\"external-link-new-window\" href=\"https:\/\/tools.google.com\/dlpage\/gaoptout?hl=de\" target=\"_blank\" rel=\"noopener noreferrer\">Browser Add On zur Deaktivierung von Google Analytics<\/a>.<\/p>\n<p class=\"bodytext\">Zus\u00e4tzlich oder als Alternative zum Browser-Add-On k\u00f6nnen Sie das Tracking durch Google Analytics auf unseren Seiten unterbinden, indem Sie diesen Link anklicken. Dabei wird ein Opt-Out-Cookie auf Ihrem Ger\u00e4t installiert. Damit wird die Erfassung durch Google Analytics f\u00fcr diese Website und f\u00fcr diesen Browser zuk\u00fcnftig verhindert, so lange das Cookie in Ihrem Browser installiert bleibt.<\/p>\n<p class=\"bodytext\">Informationen des Drittanbieters: Google Dublin, Google Ireland Ltd., Gordon House, Barrow Street, Dublin 4, Ireland, Fax: +353 (1) 436\u20091001.<\/p>\n<p class=\"bodytext\">Nutzerbedingungen: <a href=\"http:\/\/www.google.com\/analytics\/terms\/de.html\" target=\"_blank\" rel=\"noopener noreferrer\">http:\/\/www.google.com\/analytics\/terms\/de.html<\/a> ,\u00dcbersicht zum Datenschutz: <a href=\"http:\/\/www.google.com\/intl\/de\/analytics\/learn\/privacy.html\" target=\"_blank\" rel=\"noopener noreferrer\">http:\/\/www.google.com\/intl\/de\/analytics\/learn\/privacy.html<\/a> , sowie die Datenschutzerkl\u00e4rung: <a href=\"http:\/\/www.google.de\/intl\/de\/policies\/privacy\" target=\"_blank\" rel=\"noopener noreferrer\">http:\/\/www.google.de\/intl\/de\/policies\/privacy .<br \/>\n<\/a><\/p>\n<p class=\"bodytext\"><b>Verwendung von Google Maps<\/b><\/p>\n<p class=\"bodytext\">Diese Webseite verwendet Google Maps API, um geographische Informationen visuell darzustellen. Durch den Besuch der Webseite erh\u00e4lt Google die Information, dass Sie die entsprechende Unterseite unserer Website aufgerufen haben. Zudem werden die oben genannten Daten (siehe Punkt IV: Erfassung allgemeiner Informationen) \u00fcbermittelt . Wenn Sie bei Google eingeloggt sind, werden Ihre Daten direkt Ihrem Konto zugeordnet. Wenn Sie die Zuordnung mit Ihrem Profil bei Google nicht w\u00fcnschen, m\u00fcssen Sie sich vor Aktivierung des Buttons ausloggen. Google speichert Ihre Daten als Nutzungsprofile und nutzt sie f\u00fcr Zwecke der Werbung, Marktforschung und\/oder bedarfsgerechten Gestaltung seiner Website. Eine solche Auswertung erfolgt insbesondere (selbst f\u00fcr nicht eingeloggte Nutzer) zur Erbringung von bedarfsgerechter Werbung und um andere Nutzer des sozialen Netzwerks \u00fcber Ihre Aktivit\u00e4ten auf unserer Website zu informieren. Ihnen steht ein Widerspruchsrecht zu gegen die Bildung dieser Nutzerprofile, wobei Sie sich zur Aus\u00fcbung dessen an Google richten m\u00fcssen.<\/p>\n<p class=\"bodytext\">Weitere Informationen zu Zweck und Umfang der Datenerhebung und ihrer Verarbeitung durch den Plug-in-Anbieter erhalten Sie in den Datenschutzerkl\u00e4rungen des Anbieters. Dort erhalten Sie auch weitere Informationen zu Ihren diesbez\u00fcglichen Rechten und Einstellungsm\u00f6glichkeiten zum Schutze Ihrer Privatsph\u00e4re: <a href=\"http:\/\/www.google.de\/intl\/de\/policies\/privacy\" target=\"_blank\" rel=\"noopener noreferrer\">www.google.de\/intl\/de\/policies\/privacy<\/a>. Google verarbeitet Ihre personenbezogenen Daten auch in den USA und hat sich dem EU-US Privacy Shield unterworfen, <a href=\"https:\/\/www.privacyshield.gov\/EU-US-Framework\" target=\"_blank\" rel=\"noopener noreferrer\">https:\/\/www.privacyshield.gov\/EU-US-Framework<br \/>\n<\/a><\/p>\n<p class=\"bodytext\"><b>Eingebettete YouTube-Videos<\/b><\/p>\n<p class=\"bodytext\">Auf einigen unserer Webseiten betten wir Youtube-Videos ein. Betreiber der entsprechenden Plugins ist die YouTube, LLC, 901 Cherry Ave., San Bruno, CA 94066, USA. Wenn Sie eine Seite mit dem YouTube-Plugin besuchen, wird eine Verbindung zu Servern von Youtube hergestellt. Dabei wird Youtube mitgeteilt, welche Seiten Sie besuchen. Zudem werden die oben genannten Daten (siehe Punkt IV: Erfassung allgemeiner Informationen) \u00fcbermittelt. Wenn Sie in Ihrem Youtube-Account eingeloggt sind, kann Youtube Ihr Surfverhalten Ihnen pers\u00f6nlich zuzuordnen und ein Nutzungsprofil erstellen. Dies verhindern Sie, indem Sie sich vorher aus Ihrem Youtube-Account ausloggen. Zudem steht Ihnen ein Widerspruchsrecht zu gegen die Bildung dieser Nutzerprofile, wobei Sie sich zur Aus\u00fcbung dessen an YouTube richten m\u00fcssen.<\/p>\n<p class=\"bodytext\">Wird ein Youtube-Video gestartet, setzt der Anbieter Cookies ein, die Hinweise \u00fcber das Nutzerverhalten sammeln.<\/p>\n<p class=\"bodytext\">Wer das Speichern von Cookies f\u00fcr das Google-Ad-Programm deaktiviert hat, wird auch beim Anschauen von Youtube-Videos mit keinen solchen Cookies rechnen m\u00fcssen. Youtube legt aber auch in anderen Cookies nicht-personenbezogene Nutzungsinformationen ab. M\u00f6chten Sie dies verhindern, so m\u00fcssen Sie das Speichern von Cookies im Browser blockieren.<\/p>\n<p class=\"bodytext\">Weitere Informationen zu Zweck und Umfang der Datenerhebung und ihrer Verarbeitung durch YouTube erhalten Sie in der Datenschutzerkl\u00e4rung. Dort erhalten Sie auch weitere Informationen zu Ihren Rechten und Einstellungsm\u00f6glichkeiten zum Schutze Ihrer Privatsph\u00e4re: <a href=\"https:\/\/www.google.de\/intl\/de\/policies\/privacy\" target=\"_blank\" rel=\"noopener noreferrer\">www.google.de\/intl\/de\/policies\/privacy<\/a>. Google verarbeitet Ihre personenbezogenen Daten auch in den USA und hat sich dem EU-US-Privacy-Shield unterworfen, <a href=\"https:\/\/www.privacyshield.gov\/EU-US-Framework.\" target=\"_blank\" rel=\"noopener noreferrer\">https:\/\/www.privacyshield.gov\/EU-US-Framework.<\/a><\/p>\n<h2><\/h2>\n<h2>V. Anfragen \u00fcber Kontaktformular<\/h2>\n<p class=\"bodytext\">Treten Sie bzgl. Fragen jeglicher Art per E-Mail oder Kontaktformular mit uns in Kontakt, erteilen Sie uns zum Zwecke der Kontaktaufnahme Ihre freiwillige Einwilligung. Hierf\u00fcr ist die Angabe einer validen E-Mail-Adresse erforderlich. Diese dient der Zuordnung der Anfrage und der anschlie\u00dfenden Beantwortung derselben. Die Angabe weiterer Daten ist optional. Die von Ihnen gemachten Angaben werden zum Zwecke der Bearbeitung der Anfrage sowie f\u00fcr m\u00f6gliche Anschlussfragen gespeichert. Nach Erledigung der von Ihnen gestellten Anfrage werden personenbezogene Daten gel\u00f6scht.<br \/>\nFolgende Daten werden erhoben, wenn Sie das Kontaktformular nutzen:<\/p>\n<ul>\n<li>Anliegen (Informationen, Rechtsfragen, ilse Regenbogenfamilien, fresh-die Jugend im LSVD, Webmaster, Mitgliederangelegenheiten)<\/li>\n<li>Name<\/li>\n<li>Email-Adresse<\/li>\n<li>\u00dcbermittelte Nachricht<\/li>\n<li>Abfrage der Mitgliedschaft<\/li>\n<\/ul>\n<p class=\"bodytext\">Wenn Sie die Nachricht \u00fcber das Kontaktformular senden, werden zus\u00e4tzlich auch die folgenden Daten gespeichert:<\/p>\n<ul>\n<li>IP-Adresse<\/li>\n<li>Daten und Uhrzeit der Absendung des Formulars<\/li>\n<\/ul>\n<p class=\"bodytext\">Mit Nutzung des Kontaktformulars erkl\u00e4ren Sie sich mit der Verarbeitung der Daten einverstanden.<\/p>\n<h2><\/h2>\n<h2>VI. \u00c4nderung unserer Datenschutzbestimmungen<\/h2>\n<p class=\"bodytext\">Wir behalten uns vor, diese Datenschutzerkl\u00e4rung anzupassen, damit sie stets den aktuellen rechtlichen Anforderungen entspricht oder um \u00c4nderungen unserer Leistungen in der Datenschutzerkl\u00e4rung umzusetzen, z.B. bei der Einf\u00fchrung neuer Services. F\u00fcr Ihren erneuten Besuch gilt dann die neue Datenschutzerkl\u00e4rung.<\/p>\n<h2><\/h2>\n<h2>Fragen an den Datenschutzbeauftragten<\/h2>\n<p class=\"bodytext\">Wenn Sie Fragen zum Datenschutz haben, schreiben Sie uns bitte eine E-Mail oder wenden Sie sich direkt an den Datenschutzbeauftragten unserer Organisation:<\/p>\n<p class=\"bodytext\">Rechtsanwalt Dr. Thomas Hahn<br \/>\nReinhardtstr. 12<br \/>\n10117 Berlin<br \/>\nTel.: 030 28 49 58 90<\/p>\n<p class=\"bodytext\">E-Mail: <a>kanzlei(at)rahahn(dot)de<\/a><\/p>\n<p>&nbsp;<\/p>\n<p><a class=\"btn btn-default\" href=\"https:\/\/www.lsvd.de\/bottom-meta-navigation\/datenschutz\/statistische-nutzererfassung.html\" target=\"_top\" rel=\"noopener noreferrer\">Statistische Nutzererfassung<\/a><\/p>\n<p><a class=\"btn btn-default\" href=\"https:\/\/www.lsvd.de\/bottom-meta-navigation\/datenschutz\/datenverarbeitung.html\" target=\"_top\" rel=\"noopener noreferrer\">Verzeichnis der Verarbeitungst\u00e4tigkeiten gem\u00e4\u00df Artikel 30 Abs. 1 DSGVO<\/a><\/p>\n<p><a class=\"btn btn-default\" title=\"Erkl\u00e4rung \u00fcber die Einhaltung des Datenschutzes, der Vertraulichkeit und der Ethikstandards\" href=\"http:\/\/saar.lsvd.de\/fileadmin\/lsvd-saar\/Datenschutz_DSGVO\/Erklaerung_Datenschutz_DSGVO.pdf\">Erkl\u00e4rung \u00fcber die Einhaltung des Datenschutzes, der Vertraulichkeit und der Ethikstandards<\/a><\/p>\n","protected":false},"excerpt":{"rendered":"<p>Erkl\u00e4rung zum Datenschutz des Lesben- und Schwulenverbandes (LSVD) Wir nehmen den Schutz Ihrer pers\u00f6nlichen Daten sehr ernst. Der Datenschutz ist durch die &#8222;EU-Datenschutz-Grundverordnung (DSGVO)&#8220; und durch das Bundesdatenschutzgesetz 2018 neu geregelt worden. Die neuen Regelungen sind seit 25.05.2018 in Kraft. Beide Regelungen beziehen sich auf die \u00dcbermittlung, Speicherung und Bearbeitung von personenbezogenen Daten und enthalten [&hellip;]<\/p>\n","protected":false},"author":1,"featured_media":0,"parent":0,"menu_order":0,"comment_status":"closed","ping_status":"closed","template":"","meta":{"footnotes":""},"class_list":["post-93","page","type-page","status-publish","hentry"],"_links":{"self":[{"href":"https:\/\/lgbtiberatungsaar.de\/index.php?rest_route=\/wp\/v2\/pages\/93","targetHints":{"allow":["GET"]}}],"collection":[{"href":"https:\/\/lgbtiberatungsaar.de\/index.php?rest_route=\/wp\/v2\/pages"}],"about":[{"href":"https:\/\/lgbtiberatungsaar.de\/index.php?rest_route=\/wp\/v2\/types\/page"}],"author":[{"embeddable":true,"href":"https:\/\/lgbtiberatungsaar.de\/index.php?rest_route=\/wp\/v2\/users\/1"}],"replies":[{"embeddable":true,"href":"https:\/\/lgbtiberatungsaar.de\/index.php?rest_route=%2Fwp%2Fv2%2Fcomments&post=93"}],"version-history":[{"count":4,"href":"https:\/\/lgbtiberatungsaar.de\/index.php?rest_route=\/wp\/v2\/pages\/93\/revisions"}],"predecessor-version":[{"id":210,"href":"https:\/\/lgbtiberatungsaar.de\/index.php?rest_route=\/wp\/v2\/pages\/93\/revisions\/210"}],"wp:attachment":[{"href":"https:\/\/lgbtiberatungsaar.de\/index.php?rest_route=%2Fwp%2Fv2%2Fmedia&parent=93"}],"curies":[{"name":"wp","href":"https:\/\/api.w.org\/{rel}","templated":true}]}}