{"id":86,"date":"2019-10-01T05:25:19","date_gmt":"2019-10-01T05:25:19","guid":{"rendered":"http:\/\/lgbtiberatungsaar.de\/?page_id=86"},"modified":"2025-03-06T18:44:15","modified_gmt":"2025-03-06T18:44:15","slug":"impressum","status":"publish","type":"page","link":"https:\/\/lgbtiberatungsaar.de\/?page_id=86","title":{"rendered":"Impressum"},"content":{"rendered":"\t\t<div data-elementor-type=\"wp-page\" data-elementor-id=\"86\" class=\"elementor elementor-86\">\n\t\t\t\t\t\t<section class=\"elementor-section elementor-top-section elementor-element elementor-element-be91b14 elementor-section-boxed elementor-section-height-default elementor-section-height-default\" data-id=\"be91b14\" data-element_type=\"section\" data-e-type=\"section\">\n\t\t\t\t\t\t<div class=\"elementor-container elementor-column-gap-default\">\n\t\t\t\t\t<div class=\"elementor-column elementor-col-50 elementor-top-column elementor-element elementor-element-1151257\" data-id=\"1151257\" data-element_type=\"column\" data-e-type=\"column\">\n\t\t\t<div class=\"elementor-widget-wrap elementor-element-populated\">\n\t\t\t\t\t\t<div class=\"elementor-element elementor-element-a49206e elementor-widget elementor-widget-text-editor\" data-id=\"a49206e\" data-element_type=\"widget\" data-e-type=\"widget\" data-widget_type=\"text-editor.default\">\n\t\t\t\t<div class=\"elementor-widget-container\">\n\t\t\t\t\t\t\t\t\t<p>Angaben gem\u00e4\u00df \u00a7 5 TMG<\/p><p>LSVD\u207a &#8211;\u00a0Verband Queere Vielfalt Landesverband Saar<br \/>Mainzer Str. 44<br \/>66121 Saarbr\u00fccken<\/p>\t\t\t\t\t\t\t\t<\/div>\n\t\t\t\t<\/div>\n\t\t\t\t\t<\/div>\n\t\t<\/div>\n\t\t\t\t<div class=\"elementor-column elementor-col-50 elementor-top-column elementor-element elementor-element-e628461\" data-id=\"e628461\" data-element_type=\"column\" data-e-type=\"column\">\n\t\t\t<div class=\"elementor-widget-wrap elementor-element-populated\">\n\t\t\t\t\t\t<div class=\"elementor-element elementor-element-423a39a elementor-widget elementor-widget-image\" data-id=\"423a39a\" data-element_type=\"widget\" data-e-type=\"widget\" data-widget_type=\"image.default\">\n\t\t\t\t<div class=\"elementor-widget-container\">\n\t\t\t\t\t\t\t\t\t\t\t\t\t\t\t<img decoding=\"async\" width=\"300\" height=\"67\" src=\"https:\/\/lgbtiberatungsaar.de\/wp-content\/uploads\/2025\/03\/LSVD_Logo-1-1-1-300x67-1.png\" class=\"attachment-large size-large wp-image-304\" alt=\"\" \/>\t\t\t\t\t\t\t\t\t\t\t\t\t\t\t<\/div>\n\t\t\t\t<\/div>\n\t\t\t\t\t<\/div>\n\t\t<\/div>\n\t\t\t\t\t<\/div>\n\t\t<\/section>\n\t\t\t\t<section class=\"elementor-section elementor-top-section elementor-element elementor-element-5480683 elementor-section-boxed elementor-section-height-default elementor-section-height-default\" data-id=\"5480683\" data-element_type=\"section\" data-e-type=\"section\">\n\t\t\t\t\t\t<div class=\"elementor-container elementor-column-gap-default\">\n\t\t\t\t\t<div class=\"elementor-column elementor-col-100 elementor-top-column elementor-element elementor-element-3b5b3cb\" data-id=\"3b5b3cb\" data-element_type=\"column\" data-e-type=\"column\">\n\t\t\t<div class=\"elementor-widget-wrap elementor-element-populated\">\n\t\t\t\t\t\t<div class=\"elementor-element elementor-element-0c83594 elementor-widget elementor-widget-text-editor\" data-id=\"0c83594\" data-element_type=\"widget\" data-e-type=\"widget\" data-widget_type=\"text-editor.default\">\n\t\t\t\t<div class=\"elementor-widget-container\">\n\t\t\t\t\t\t\t\t\t<p><b>Vertreten durch den Vorstand des LSVD<\/b><strong>\u207a<\/strong> <b>Saar:<br \/><\/b><\/p><p>Frank Biehler<br \/>Raphael Jacob<br \/>Bj\u00f6rn Jacobs<br \/>Robert Hecklau<br \/>Susanne Speicher<br \/>Tim Stefaniak<br \/>Sebastian Thul<br \/>Marco Wirbel<br \/>Julia Zimmermann<\/p>\t\t\t\t\t\t\t\t<\/div>\n\t\t\t\t<\/div>\n\t\t\t\t\t<\/div>\n\t\t<\/div>\n\t\t\t\t\t<\/div>\n\t\t<\/section>\n\t\t\t\t<section class=\"elementor-section elementor-top-section elementor-element elementor-element-14266f1 elementor-section-boxed elementor-section-height-default elementor-section-height-default\" data-id=\"14266f1\" data-element_type=\"section\" data-e-type=\"section\">\n\t\t\t\t\t\t<div class=\"elementor-container elementor-column-gap-default\">\n\t\t\t\t\t<div class=\"elementor-column elementor-col-100 elementor-top-column elementor-element elementor-element-f18cbdd\" data-id=\"f18cbdd\" data-element_type=\"column\" data-e-type=\"column\">\n\t\t\t<div class=\"elementor-widget-wrap elementor-element-populated\">\n\t\t\t\t\t\t<div class=\"elementor-element elementor-element-bcb3b07 elementor-widget elementor-widget-text-editor\" data-id=\"bcb3b07\" data-element_type=\"widget\" data-e-type=\"widget\" data-widget_type=\"text-editor.default\">\n\t\t\t\t<div class=\"elementor-widget-container\">\n\t\t\t\t\t\t\t\t\t<div id=\"c10974\" class=\"csc-default content\"><p><b>Datenschutzbeauftragrter des LSVD\u207a und seiner Untergliederungen:<\/b><br \/>Rechtsanwalt Dr. Thomas Hahn<br \/>Rechtsanwaltskanzlei Dr. Hahn<br \/>Reinhardtstr. 12<br \/>10117 Berlin<br \/>Tel.: 030 28495890<br \/>E-Mail: <a>kanzlei@rahahn.de<\/a><\/p><p><b>Kontakt:<\/b><br \/>Telefon: 0681\/398833<br \/>Fax: 0681\/398866<br \/>E-Mail: <a>info@checkpoint-sb.de<\/a><\/p><p><b>Registereintrag: <\/b><br \/>Amtsgericht Saarbr\u00fccken, VR 4151, UR.Nr. 1648\/2010<br \/>Steuernummer: 040\/140\/17432<\/p><p>Verantwortlich f\u00fcr den Inhalt nach \u00a7 55 Abs. 2 RStV:<\/p><p>Vorstand des LSVD Saar e. V.<br \/>Mainzer Str. 44<br \/>66121 Saarbr\u00fccken<\/p><\/div><div id=\"c10972\" class=\"csc-default content\"><div class=\"headline csc-header csc-header-n2\">\u00a0<\/div><\/div><div id=\"c10970\" class=\"csc-default content\"><div class=\"headline csc-header csc-header-n3\"><h2 class=\"hl top-zero\">HAFTUNGSAUSSCHLUSS<\/h2><\/div><p><b><\/b><b>Haftung f\u00fcr Inhalte<\/b><\/p><p>Die Inhalte unserer Seiten wurden mit gr\u00f6\u00dfter Sorgfalt erstellt. F\u00fcr die Richtigkeit, Vollst\u00e4ndigkeit und Aktualit\u00e4t der Inhalte k\u00f6nnen wir jedoch keine Gew\u00e4hr \u00fcbernehmen. Als Diensteanbieter sind wir gem\u00e4\u00df \u00a7 7 Abs.1 TMG f\u00fcr eigene Inhalte auf diesen Seiten nach den allgemeinen Gesetzen verantwortlich. Nach \u00a7\u00a7 8 bis 10 TMG sind wir als Diensteanbieter jedoch nicht verpflichtet, \u00fcbermittelte oder gespeicherte fremde Informationen zu \u00fcberwachen oder nach Umst\u00e4nden zu forschen, die auf eine rechtswidrige T\u00e4tigkeit hinweisen. Verpflichtungen zur Entfernung oder Sperrung der Nutzung von Informationen nach den allgemeinen Gesetzen bleiben hiervon unber\u00fchrt. Eine diesbez\u00fcgliche Haftung ist jedoch erst ab dem Zeitpunkt der Kenntnis einer konkreten Rechtsverletzung m\u00f6glich. Bei Bekanntwerden von entsprechenden Rechtsverletzungen werden wir diese Inhalte umgehend entfernen.<\/p><p><b>Haftung f\u00fcr Links<\/b><\/p><p>Unser Angebot enth\u00e4lt Links zu externen Webseiten Dritter, auf deren Inhalte wir keinen Einfluss haben. Deshalb k\u00f6nnen wir f\u00fcr diese fremden Inhalte auch keine Gew\u00e4hr \u00fcbernehmen. F\u00fcr die Inhalte der verlinkten Seiten ist stets der jeweilige Anbieter oder Betreiber der Seiten verantwortlich. Die verlinkten Seiten wurden zum Zeitpunkt der Verlinkung auf m\u00f6gliche Rechtsverst\u00f6\u00dfe \u00fcberpr\u00fcft. Rechtswidrige Inhalte waren zum Zeitpunkt der Verlinkung nicht erkennbar. Eine permanente inhaltliche Kontrolle der verlinkten Seiten ist jedoch ohne konkrete Anhaltspunkte einer Rechtsverletzung nicht zumutbar. Bei Bekanntwerden von Rechtsverletzungen werden wir derartige Links umgehend entfernen.<\/p><p><b>Urheberrecht<\/b><\/p><p>Die durch die Seitenbetreiber erstellten Inhalte und Werke auf diesen Seiten unterliegen dem deutschen Urheberrecht. Die Vervielf\u00e4ltigung, Bearbeitung, Verbreitung und jede Art der Verwertung au\u00dferhalb der Grenzen des Urheberrechtes bed\u00fcrfen der schriftlichen Zustimmung des jeweiligen Autors bzw. Erstellers. Downloads und Kopien dieser Seite sind nur f\u00fcr den privaten, nicht kommerziellen Gebrauch gestattet. Soweit die Inhalte auf dieser Seite nicht vom Betreiber erstellt wurden, werden die Urheberrechte Dritter beachtet. Insbesondere werden Inhalte Dritter als solche gekennzeichnet. Sollten Sie trotzdem auf eine Urheberrechtsverletzung aufmerksam werden, bitten wir um einen entsprechenden Hinweis. Bei Bekanntwerden von Rechtsverletzungen werden wir derartige Inhalte umgehend entfernen.<\/p><p><b>Datenschutz<\/b><\/p><p>Die Nutzung unserer Webseite ist in der Regel ohne Angabe personenbezogener Daten m\u00f6glich. Soweit auf unseren Seiten personenbezogene Daten (beispielsweise Name, Anschrift oder eMail-Adressen) erhoben werden, erfolgt dies, soweit m\u00f6glich, stets auf freiwilliger Basis. Diese Daten werden ohne Ihre ausdr\u00fcckliche Zustimmung nicht an Dritte weitergegeben.<br \/>Wir weisen darauf hin, dass die Daten\u00fcbertragung im Internet (z.B. bei der Kommunikation per E-Mail) Sicherheitsl\u00fccken aufweisen kann. Ein l\u00fcckenloser Schutz der Daten vor dem Zugriff durch Dritte ist nicht m\u00f6glich.<br \/>Der Nutzung von im Rahmen der Impressumspflicht ver\u00f6ffentlichten Kontaktdaten durch Dritte zur \u00dcbersendung von nicht ausdr\u00fccklich angeforderter Werbung und Informationsmaterialien wird hiermit ausdr\u00fccklich widersprochen. Die Betreiber der Seiten behalten sich ausdr\u00fccklich rechtliche Schritte im Falle der unverlangten Zusendung von Werbeinformationen, etwa durch Spam-Mails, vor.<\/p><\/div><div id=\"c10966\" class=\"csc-default content\"><div class=\"headline csc-header csc-header-n4\"><h2 class=\"hl top-zero\">NUTZUNGSBEDINGUNGEN<\/h2><\/div><p>Jeder Nutzer verpflichtet sich, andere Nutzer weder schuldhaft zu t\u00e4uschen noch zu sch\u00e4digen.<\/p><p>Die Online-Infodienste d\u00fcrfen nicht f\u00fcr Zwecke verwendet werden, durch die der Nutzer gegen bestehende Gesetze der Bundesrepublik Deutschland verst\u00f6\u00dft. Es d\u00fcrfen keine Inhalte und\/oder \u00c4u\u00dferungen ver\u00f6ffentlicht, \u00fcbermittelt oder upgeloadet werden, die gegen bestehende Gesetze der Bundesrepublik Deutschland versto\u00dfen, insbesondere beleidigenden Charakters, gewaltverherrlichender, obsz\u00f6ner, diskriminierender oder pornographischer Art sind.<\/p><p>Das umfasst auch Inhalte, die \u00fcber vom Nutzer gesetzte Links zu erreichen sind. Hierunter fallen vor allem Inhalte, mit denen der Nutzer sich strafbar machen kann, wie insbesondere: &#8211; das Verbreiten von Propagandamitteln verfassungswidriger Organisationen (\u00a7\u00a7 86, 86a StGB) &#8211; Volksverhetzung durch Verbreitung von Schriften verfassungswidriger Organisationen (\u00a7\u00a7 130 II Nr. 1 StGB) &#8211; die Verleitung zu Straftaten (\u00a7 130 a StGB) &#8211; die Verbreitung gewaltverherrlichender Schriften (\u00a7 131 I StGB) &#8211; die Beschimpfung von Bekenntnissen, Religionsgemeinschaften und Weltanschauungsvereinigungen (\u00a7 166 StGB) &#8211; die Verbreitung von pornographischen Schriften, worunter insbesondere Kinderpornographie, sexuelle Handlungen von Menschen mit Tieren sowie Darstellungen der prim\u00e4ren Geschlechtsorgane fallen (\u00a7 184 StGB) &#8211; Beleidigung, \u00fcble Nachrede und Verleumdung (\u00a7\u00a7 185 ff. StGB) &#8211; Verbotene Mitteilungen \u00fcber nicht\u00f6ffentliche Gerichtsverhandlungen (\u00a7353 d StGB) &#8211; die Verbreitung jugendgef\u00e4hrdender Schriften, (\u00a7 21 I Nr. 3a III, GJS) &#8211; die unerlaubte Verwertung urheberrechtlich gesch\u00fctzter Werke (\u00a7 106 UrhG)<\/p><p>Dar\u00fcber hinaus ist die Verwendung anst\u00f6\u00dfiger Inhalte, doppeldeutiger Bezeichnungen und anderweitiger Darstellungen, die sich am Rande der Legalit\u00e4t bewegen, ebenfalls untersagt.<\/p><p>Jeder Nutzer verpflichtet sich zur Einhaltung der geltenden Jugendschutzvorschriften. Bei einem Versto\u00df gegen diese Nutzungsbedingungen sind wir, ab Kenntnis berechtigt und aufgrund seiner rechtlichen Verantwortung im Rahmen des \u00a7 5 TDG auch verpflichtet, den jeweiligen Nutzer auszuschlie\u00dfen und die von ihm verwendeten Inhalte bzw. an ihn adressierten Inhalte zu l\u00f6schen.<\/p><p>Uns, trifft keine Pflicht, den Nutzern vor L\u00f6schung der Inhalte eine Warnung zuzusenden.<\/p><\/div>\t\t\t\t\t\t\t\t<\/div>\n\t\t\t\t<\/div>\n\t\t\t\t\t<\/div>\n\t\t<\/div>\n\t\t\t\t\t<\/div>\n\t\t<\/section>\n\t\t\t\t<\/div>\n\t\t","protected":false},"excerpt":{"rendered":"<p>Angaben gem\u00e4\u00df \u00a7 5 TMG LSVD\u207a &#8211;\u00a0Verband Queere Vielfalt Landesverband SaarMainzer Str. 4466121 Saarbr\u00fccken Vertreten durch den Vorstand des LSVD\u207a Saar: Frank BiehlerRaphael JacobBj\u00f6rn JacobsRobert HecklauSusanne SpeicherTim StefaniakSebastian ThulMarco WirbelJulia Zimmermann Datenschutzbeauftragrter des LSVD\u207a und seiner Untergliederungen:Rechtsanwalt Dr. Thomas HahnRechtsanwaltskanzlei Dr. HahnReinhardtstr. 1210117 BerlinTel.: 030 28495890E-Mail: kanzlei@rahahn.de Kontakt:Telefon: 0681\/398833Fax: 0681\/398866E-Mail: info@checkpoint-sb.de Registereintrag: Amtsgericht Saarbr\u00fccken, VR [&hellip;]<\/p>\n","protected":false},"author":1,"featured_media":0,"parent":0,"menu_order":0,"comment_status":"closed","ping_status":"closed","template":"","meta":{"footnotes":""},"class_list":["post-86","page","type-page","status-publish","hentry"],"_links":{"self":[{"href":"https:\/\/lgbtiberatungsaar.de\/index.php?rest_route=\/wp\/v2\/pages\/86","targetHints":{"allow":["GET"]}}],"collection":[{"href":"https:\/\/lgbtiberatungsaar.de\/index.php?rest_route=\/wp\/v2\/pages"}],"about":[{"href":"https:\/\/lgbtiberatungsaar.de\/index.php?rest_route=\/wp\/v2\/types\/page"}],"author":[{"embeddable":true,"href":"https:\/\/lgbtiberatungsaar.de\/index.php?rest_route=\/wp\/v2\/users\/1"}],"replies":[{"embeddable":true,"href":"https:\/\/lgbtiberatungsaar.de\/index.php?rest_route=%2Fwp%2Fv2%2Fcomments&post=86"}],"version-history":[{"count":5,"href":"https:\/\/lgbtiberatungsaar.de\/index.php?rest_route=\/wp\/v2\/pages\/86\/revisions"}],"predecessor-version":[{"id":307,"href":"https:\/\/lgbtiberatungsaar.de\/index.php?rest_route=\/wp\/v2\/pages\/86\/revisions\/307"}],"wp:attachment":[{"href":"https:\/\/lgbtiberatungsaar.de\/index.php?rest_route=%2Fwp%2Fv2%2Fmedia&parent=86"}],"curies":[{"name":"wp","href":"https:\/\/api.w.org\/{rel}","templated":true}]}}