{"id":29,"date":"2019-09-26T21:29:14","date_gmt":"2019-09-26T21:29:14","guid":{"rendered":"http:\/\/lgbtiberatungsaar.de\/?page_id=29"},"modified":"2019-10-01T04:51:08","modified_gmt":"2019-10-01T04:51:08","slug":"ueber-uns","status":"publish","type":"page","link":"https:\/\/lgbtiberatungsaar.de\/?page_id=29","title":{"rendered":"\u00dcber uns"},"content":{"rendered":"\t\t<div data-elementor-type=\"wp-page\" data-elementor-id=\"29\" class=\"elementor elementor-29\">\n\t\t\t\t\t\t<section class=\"elementor-section elementor-top-section elementor-element elementor-element-6fde1ae elementor-section-boxed elementor-section-height-default elementor-section-height-default\" data-id=\"6fde1ae\" data-element_type=\"section\" data-e-type=\"section\">\n\t\t\t\t\t\t<div class=\"elementor-container elementor-column-gap-default\">\n\t\t\t\t\t<div class=\"elementor-column elementor-col-100 elementor-top-column elementor-element elementor-element-35149ad\" data-id=\"35149ad\" data-element_type=\"column\" data-e-type=\"column\">\n\t\t\t<div class=\"elementor-widget-wrap elementor-element-populated\">\n\t\t\t\t\t\t<div class=\"elementor-element elementor-element-3147942 elementor-position-top elementor-widget elementor-widget-image-box\" data-id=\"3147942\" data-element_type=\"widget\" data-e-type=\"widget\" data-widget_type=\"image-box.default\">\n\t\t\t\t<div class=\"elementor-widget-container\">\n\t\t\t\t\t<div class=\"elementor-image-box-wrapper\"><figure class=\"elementor-image-box-img\"><img fetchpriority=\"high\" decoding=\"async\" width=\"250\" height=\"250\" src=\"https:\/\/lgbtiberatungsaar.de\/wp-content\/uploads\/2019\/09\/Beratungsflyer-e1569552626385.jpg\" class=\"attachment-full size-full wp-image-56\" alt=\"\" \/><\/figure><div class=\"elementor-image-box-content\"><h3 class=\"elementor-image-box-title\">\u00dcber uns<\/h3><\/div><\/div>\t\t\t\t<\/div>\n\t\t\t\t<\/div>\n\t\t\t\t\t<\/div>\n\t\t<\/div>\n\t\t\t\t\t<\/div>\n\t\t<\/section>\n\t\t\t\t<section class=\"elementor-section elementor-top-section elementor-element elementor-element-f09068f elementor-section-boxed elementor-section-height-default elementor-section-height-default\" data-id=\"f09068f\" data-element_type=\"section\" data-e-type=\"section\">\n\t\t\t\t\t\t<div class=\"elementor-container elementor-column-gap-default\">\n\t\t\t\t\t<div class=\"elementor-column elementor-col-50 elementor-top-column elementor-element elementor-element-accc6f2\" data-id=\"accc6f2\" data-element_type=\"column\" data-e-type=\"column\">\n\t\t\t<div class=\"elementor-widget-wrap elementor-element-populated\">\n\t\t\t\t\t\t<div class=\"elementor-element elementor-element-3782a75 elementor-widget elementor-widget-text-editor\" data-id=\"3782a75\" data-element_type=\"widget\" data-e-type=\"widget\" data-widget_type=\"text-editor.default\">\n\t\t\t\t<div class=\"elementor-widget-container\">\n\t\t\t\t\t\t\t\t\t<p>Das Beratungs-, Informations-und Kommunikationszentrum des Lesben und Schwulenverbandes(LSVD), Checkpoint, in der Mainzer Stra\u00dfe 44, im Stadtzentrum von Saarbr\u00fccken ist eine einzigartige Anlaufstelle f\u00fcr Schwule, Lesben, Bi-und Trans*Menschen im Saarland.<\/p><p>In diesem Schutzraum f\u00fcr LGBT*Menschen finden themenspezifische, \u00f6ffentliche Veranstaltungen und auch alle LSVD-Gruppentreffen statt. <br \/>Das LSVD-Gruppenspektrum reicht von der Jugendgruppe,<br \/>die sich jeden Freitag ab 18:30h in den R\u00e4umen trifft, <br \/>\u00fcber die Transgender Selbsthilfegruppe bis zur Gruppe Migration &amp; Asyl. <\/p><p>Einmal im Monat, am zweiten Mittwoch, ab 18 Uhr, \u00f6ffnet der Checkpoint<br \/>die T\u00fcren f\u00fcr ein Come together Treffen, ein lockerer Gespr\u00e4chskreis f\u00fcr alle LGBT*Interessierte.<\/p>\t\t\t\t\t\t\t\t<\/div>\n\t\t\t\t<\/div>\n\t\t\t\t\t<\/div>\n\t\t<\/div>\n\t\t\t\t<div class=\"elementor-column elementor-col-50 elementor-top-column elementor-element elementor-element-6ebc505\" data-id=\"6ebc505\" data-element_type=\"column\" data-e-type=\"column\">\n\t\t\t<div class=\"elementor-widget-wrap elementor-element-populated\">\n\t\t\t\t\t\t<div class=\"elementor-element elementor-element-ae0a785 elementor-widget elementor-widget-image\" data-id=\"ae0a785\" data-element_type=\"widget\" data-e-type=\"widget\" data-widget_type=\"image.default\">\n\t\t\t\t<div class=\"elementor-widget-container\">\n\t\t\t\t\t\t\t\t\t\t\t\t\t\t\t<img decoding=\"async\" width=\"1024\" height=\"768\" src=\"https:\/\/lgbtiberatungsaar.de\/wp-content\/uploads\/2019\/09\/Foto-Checkpoint-2-1024x768.jpg\" class=\"attachment-large size-large wp-image-30\" alt=\"\" srcset=\"https:\/\/lgbtiberatungsaar.de\/wp-content\/uploads\/2019\/09\/Foto-Checkpoint-2.jpg 1024w, https:\/\/lgbtiberatungsaar.de\/wp-content\/uploads\/2019\/09\/Foto-Checkpoint-2-300x225.jpg 300w, https:\/\/lgbtiberatungsaar.de\/wp-content\/uploads\/2019\/09\/Foto-Checkpoint-2-768x576.jpg 768w, https:\/\/lgbtiberatungsaar.de\/wp-content\/uploads\/2019\/09\/Foto-Checkpoint-2-830x623.jpg 830w, https:\/\/lgbtiberatungsaar.de\/wp-content\/uploads\/2019\/09\/Foto-Checkpoint-2-230x173.jpg 230w, https:\/\/lgbtiberatungsaar.de\/wp-content\/uploads\/2019\/09\/Foto-Checkpoint-2-350x263.jpg 350w, https:\/\/lgbtiberatungsaar.de\/wp-content\/uploads\/2019\/09\/Foto-Checkpoint-2-480x360.jpg 480w\" sizes=\"(max-width: 1024px) 100vw, 1024px\" \/>\t\t\t\t\t\t\t\t\t\t\t\t\t\t\t<\/div>\n\t\t\t\t<\/div>\n\t\t\t\t\t<\/div>\n\t\t<\/div>\n\t\t\t\t\t<\/div>\n\t\t<\/section>\n\t\t\t\t<section class=\"elementor-section elementor-top-section elementor-element elementor-element-8d81311 elementor-section-boxed elementor-section-height-default elementor-section-height-default\" data-id=\"8d81311\" data-element_type=\"section\" data-e-type=\"section\">\n\t\t\t\t\t\t<div class=\"elementor-container elementor-column-gap-default\">\n\t\t\t\t\t<div class=\"elementor-column elementor-col-50 elementor-top-column elementor-element elementor-element-5637187\" data-id=\"5637187\" data-element_type=\"column\" data-e-type=\"column\">\n\t\t\t<div class=\"elementor-widget-wrap elementor-element-populated\">\n\t\t\t\t\t\t<div class=\"elementor-element elementor-element-ad026f9 elementor-widget elementor-widget-image\" data-id=\"ad026f9\" data-element_type=\"widget\" data-e-type=\"widget\" data-widget_type=\"image.default\">\n\t\t\t\t<div class=\"elementor-widget-container\">\n\t\t\t\t\t\t\t\t\t\t\t\t\t\t\t<img decoding=\"async\" width=\"1024\" height=\"1024\" src=\"https:\/\/lgbtiberatungsaar.de\/wp-content\/uploads\/2019\/09\/IMG_20190919_180840-e1568969501231-1024x1024.jpg\" class=\"attachment-large size-large wp-image-6\" alt=\"\" srcset=\"https:\/\/lgbtiberatungsaar.de\/wp-content\/uploads\/2019\/09\/IMG_20190919_180840-e1568969501231-1024x1024.jpg 1024w, https:\/\/lgbtiberatungsaar.de\/wp-content\/uploads\/2019\/09\/IMG_20190919_180840-e1568969501231-150x150.jpg 150w, https:\/\/lgbtiberatungsaar.de\/wp-content\/uploads\/2019\/09\/IMG_20190919_180840-e1568969501231-300x300.jpg 300w, https:\/\/lgbtiberatungsaar.de\/wp-content\/uploads\/2019\/09\/IMG_20190919_180840-e1568969501231-768x768.jpg 768w, https:\/\/lgbtiberatungsaar.de\/wp-content\/uploads\/2019\/09\/IMG_20190919_180840-e1568969501231-1568x1568.jpg 1568w\" sizes=\"(max-width: 1024px) 100vw, 1024px\" \/>\t\t\t\t\t\t\t\t\t\t\t\t\t\t\t<\/div>\n\t\t\t\t<\/div>\n\t\t\t\t\t<\/div>\n\t\t<\/div>\n\t\t\t\t<div class=\"elementor-column elementor-col-50 elementor-top-column elementor-element elementor-element-241d6a0\" data-id=\"241d6a0\" data-element_type=\"column\" data-e-type=\"column\">\n\t\t\t<div class=\"elementor-widget-wrap elementor-element-populated\">\n\t\t\t\t\t\t<div class=\"elementor-element elementor-element-a3f1c30 elementor-widget elementor-widget-text-editor\" data-id=\"a3f1c30\" data-element_type=\"widget\" data-e-type=\"widget\" data-widget_type=\"text-editor.default\">\n\t\t\t\t<div class=\"elementor-widget-container\">\n\t\t\t\t\t\t\t\t\t<p>Seit dem 1.1.2019 wird im Checkpoint auch Beratung angeboten. <br \/>Ein Beratungsbereich wurde eingerichtet und die R\u00e4umlichkeiten entsprechend ver\u00e4ndert. Im Zuge der Diskussionen zur Erarbeitung eines Landesaktionsplanes der Landesregierung gegen Homophobie<br \/>wurde diese Beratungsstelle im Haushalt 2019 und 2020 des Saarlandes verankert und Frau Ministerin Monika Bachmann hat diese Stelle beim LSVD Saar im Checkpoint verortet.<\/p><div>Ob Rat beim Coming-out, Gespr\u00e4chen mit Eltern, die ihre homosexuellen Kinder besser verstehen m\u00f6chten, Hilfe und Unterst\u00fctzung f\u00fcr Trans*Menschen und ihre Familien, Einzelfall Beratung <br \/>von schwulen und lesbischen Fl\u00fcchtlingen oder Fachkr\u00e4fte aus Sozialeinrichtungen, die um Unterst\u00fctzung bei LGBT* Angelegenheiten bitten. <\/div><div>\u00a0<\/div><div>Mobbing in der Schule, \u00c4rger am Arbeitsplatz oder einfach die<\/div><p>Frage wo gibt es f\u00fcr die entsprechenden Anliegen die richtigen Anlaufstellen. Mittels Gespr\u00e4chs-, Telefon-und Internetberatung, ihrem breiten Gruppenspektrum und einem entsprechenden Netzwerk versucht die Beratungsstelle zu helfen.<\/p>\t\t\t\t\t\t\t\t<\/div>\n\t\t\t\t<\/div>\n\t\t\t\t\t<\/div>\n\t\t<\/div>\n\t\t\t\t\t<\/div>\n\t\t<\/section>\n\t\t\t\t<section class=\"elementor-section elementor-top-section elementor-element elementor-element-d892584 elementor-section-boxed elementor-section-height-default elementor-section-height-default\" data-id=\"d892584\" data-element_type=\"section\" data-e-type=\"section\">\n\t\t\t\t\t\t<div class=\"elementor-container elementor-column-gap-default\">\n\t\t\t\t\t<div class=\"elementor-column elementor-col-100 elementor-top-column elementor-element elementor-element-491ca3f\" data-id=\"491ca3f\" data-element_type=\"column\" data-e-type=\"column\">\n\t\t\t<div class=\"elementor-widget-wrap elementor-element-populated\">\n\t\t\t\t\t\t<div class=\"elementor-element elementor-element-843c1f0 elementor-widget elementor-widget-text-editor\" data-id=\"843c1f0\" data-element_type=\"widget\" data-e-type=\"widget\" data-widget_type=\"text-editor.default\">\n\t\t\t\t<div class=\"elementor-widget-container\">\n\t\t\t\t\t\t\t\t\t<div>Um noch bessere Unterst\u00fctzungshilfe leisten zu k\u00f6nnen sind wir auf die Kontaktaufnahme mit<\/div><p>Therapeut*innen angewiesen, die sich auf die Themenfelder LGBTI-also Lesben, Schwule, Bisexuelle,<br \/>Trans* oder Intersexuelle Menschen spezifiziert haben.<\/p><div>\u00a0<\/div><div>Erste Schritte der Zusammenarbeit von Seiten der Psychotherapeuten Kammer des Saarlandes<\/div><p>wurden bereits mit der Einrichtung eines Runden Tisches unternommen, der sich am 6. Juni, in den<br \/>R\u00e4umen der Kammer, zum Thema Trans*Kinder traf und fortgesetzt werden soll.<\/p>\t\t\t\t\t\t\t\t<\/div>\n\t\t\t\t<\/div>\n\t\t\t\t\t<\/div>\n\t\t<\/div>\n\t\t\t\t\t<\/div>\n\t\t<\/section>\n\t\t\t\t<\/div>\n\t\t","protected":false},"excerpt":{"rendered":"<p>\u00dcber uns Das Beratungs-, Informations-und Kommunikationszentrum des Lesben und Schwulenverbandes(LSVD), Checkpoint, in der Mainzer Stra\u00dfe 44, im Stadtzentrum von Saarbr\u00fccken ist eine einzigartige Anlaufstelle f\u00fcr Schwule, Lesben, Bi-und Trans*Menschen im Saarland. In diesem Schutzraum f\u00fcr LGBT*Menschen finden themenspezifische, \u00f6ffentliche Veranstaltungen und auch alle LSVD-Gruppentreffen statt. Das LSVD-Gruppenspektrum reicht von der Jugendgruppe,die sich jeden Freitag ab [&hellip;]<\/p>\n","protected":false},"author":1,"featured_media":0,"parent":0,"menu_order":0,"comment_status":"closed","ping_status":"closed","template":"elementor_header_footer","meta":{"footnotes":""},"class_list":["post-29","page","type-page","status-publish","hentry"],"_links":{"self":[{"href":"https:\/\/lgbtiberatungsaar.de\/index.php?rest_route=\/wp\/v2\/pages\/29","targetHints":{"allow":["GET"]}}],"collection":[{"href":"https:\/\/lgbtiberatungsaar.de\/index.php?rest_route=\/wp\/v2\/pages"}],"about":[{"href":"https:\/\/lgbtiberatungsaar.de\/index.php?rest_route=\/wp\/v2\/types\/page"}],"author":[{"embeddable":true,"href":"https:\/\/lgbtiberatungsaar.de\/index.php?rest_route=\/wp\/v2\/users\/1"}],"replies":[{"embeddable":true,"href":"https:\/\/lgbtiberatungsaar.de\/index.php?rest_route=%2Fwp%2Fv2%2Fcomments&post=29"}],"version-history":[{"count":5,"href":"https:\/\/lgbtiberatungsaar.de\/index.php?rest_route=\/wp\/v2\/pages\/29\/revisions"}],"predecessor-version":[{"id":85,"href":"https:\/\/lgbtiberatungsaar.de\/index.php?rest_route=\/wp\/v2\/pages\/29\/revisions\/85"}],"wp:attachment":[{"href":"https:\/\/lgbtiberatungsaar.de\/index.php?rest_route=%2Fwp%2Fv2%2Fmedia&parent=29"}],"curies":[{"name":"wp","href":"https:\/\/api.w.org\/{rel}","templated":true}]}}