{"id":232,"date":"2019-10-10T15:31:41","date_gmt":"2019-10-10T15:31:41","guid":{"rendered":"https:\/\/lgbtiberatungsaar.de\/?page_id=232"},"modified":"2019-10-10T15:32:58","modified_gmt":"2019-10-10T15:32:58","slug":"transgender","status":"publish","type":"page","link":"https:\/\/lgbtiberatungsaar.de\/?page_id=232","title":{"rendered":"Transgender"},"content":{"rendered":"\t\t<div data-elementor-type=\"wp-page\" data-elementor-id=\"232\" class=\"elementor elementor-232\">\n\t\t\t\t\t\t<section class=\"elementor-section elementor-top-section elementor-element elementor-element-ffbd3cc elementor-section-boxed elementor-section-height-default elementor-section-height-default\" data-id=\"ffbd3cc\" data-element_type=\"section\" data-e-type=\"section\">\n\t\t\t\t\t\t<div class=\"elementor-container elementor-column-gap-default\">\n\t\t\t\t\t<div class=\"elementor-column elementor-col-100 elementor-top-column elementor-element elementor-element-060a914\" data-id=\"060a914\" data-element_type=\"column\" data-e-type=\"column\">\n\t\t\t<div class=\"elementor-widget-wrap elementor-element-populated\">\n\t\t\t\t\t\t<div class=\"elementor-element elementor-element-a70d79b elementor-widget elementor-widget-heading\" data-id=\"a70d79b\" data-element_type=\"widget\" data-e-type=\"widget\" data-widget_type=\"heading.default\">\n\t\t\t\t<div class=\"elementor-widget-container\">\n\t\t\t\t\t<h2 class=\"elementor-heading-title elementor-size-default\">Transgender , Trans*<\/h2>\t\t\t\t<\/div>\n\t\t\t\t<\/div>\n\t\t\t\t<section class=\"elementor-section elementor-inner-section elementor-element elementor-element-aed0142 elementor-section-boxed elementor-section-height-default elementor-section-height-default\" data-id=\"aed0142\" data-element_type=\"section\" data-e-type=\"section\">\n\t\t\t\t\t\t<div class=\"elementor-container elementor-column-gap-default\">\n\t\t\t\t\t<div class=\"elementor-column elementor-col-50 elementor-inner-column elementor-element elementor-element-aaf9914\" data-id=\"aaf9914\" data-element_type=\"column\" data-e-type=\"column\">\n\t\t\t<div class=\"elementor-widget-wrap elementor-element-populated\">\n\t\t\t\t\t\t<div class=\"elementor-element elementor-element-62bc794 elementor-widget elementor-widget-text-editor\" data-id=\"62bc794\" data-element_type=\"widget\" data-e-type=\"widget\" data-widget_type=\"text-editor.default\">\n\t\t\t\t<div class=\"elementor-widget-container\">\n\t\t\t\t\t\t\t\t\t<p style=\"margin-top: 0.5em; margin-bottom: 0.5em; color: #222222; font-family: sans-serif; letter-spacing: normal;\">Transgender\u00a0ist eine Bezeichnung f\u00fcr Personen, deren\u00a0Geschlechtsidentit\u00e4t\u00a0nicht oder nicht vollst\u00e4ndig mit dem nach der Geburt anhand der \u00e4u\u00dferen Merkmale eingetragenen Geschlecht \u00fcbereinstimmt oder die eine bin\u00e4re Zuordnung ablehnen. Der zunehmende Gebrauch der Bezeichnung\u00a0<i>Transgender<\/i>\u00a0zeigt eine Abkehr von dem in Rechtsprechung und Gesetzgebung vorherrschenden,\u00a0heteronormativen\u00a0und auf k\u00f6rperliche Eindeutigkeit fokussierten Konzept der\u00a0Transsexualit\u00e4t, dessen\u00a0pathologisierender\u00a0Kontext von der Medizin und Sexualforschung der 1970er Jahre gepr\u00e4gt wurde. In Abgrenzung dazu wird auch von\u00a0<i>Transgeschlechtlichkeit<\/i>,\u00a0<i>Transidentit\u00e4t<\/i>\u00a0und\u00a0<i>Trans*<\/i>\u00a0gesprochen.\u00a0Diese Bezeichnungen dienen als \u00dcberbegriff der Selbst- oder Fremdbeschreibung sowie der Positionsbestimmung f\u00fcr Transgender-Personen mit weiblicher (Transfrau) sowie m\u00e4nnlicher (Transmann) Geschlechtsidentit\u00e4t und alle Identit\u00e4tsformen dazwischen. Zunehmend erf\u00e4hrt Transgender eine Bedeutungserweiterung, wonach auch Identit\u00e4tskonzepte au\u00dferhalb der Norm der Zweigeschlechtlichkeit, wie z.\u00a0B.\u00a0non-\/nichtbin\u00e4r,\u00a0<i>genderqueer<\/i>\u00a0(vgl.\u00a0queer),\u00a0Bigender,\u00a0Pangender,\u00a0genderfluid,\u00a0<br \/>Agender oder Neutrois, in das Begriffsspektrum von Transgender integriert werden.<\/p><p style=\"margin-top: 0.5em; margin-bottom: 0.5em; color: #222222; font-family: sans-serif; letter-spacing: normal;\">Transgeschlechtlichkeit ist unabh\u00e4ngig von\u00a0sexueller Orientierung.\u00a0Personen, die Transgender sind, k\u00f6nnen z.\u00a0B. heterosexuell, homosexuell, bisexuell oder asexuell sein oder eine n\u00e4here Bezeichnung ihrer Sexualit\u00e4t ablehnen.<\/p>\t\t\t\t\t\t\t\t<\/div>\n\t\t\t\t<\/div>\n\t\t\t\t\t<\/div>\n\t\t<\/div>\n\t\t\t\t<div class=\"elementor-column elementor-col-50 elementor-inner-column elementor-element elementor-element-a701d94\" data-id=\"a701d94\" data-element_type=\"column\" data-e-type=\"column\">\n\t\t\t<div class=\"elementor-widget-wrap elementor-element-populated\">\n\t\t\t\t\t\t<div class=\"elementor-element elementor-element-8b5feac elementor-widget elementor-widget-image\" data-id=\"8b5feac\" data-element_type=\"widget\" data-e-type=\"widget\" data-widget_type=\"image.default\">\n\t\t\t\t<div class=\"elementor-widget-container\">\n\t\t\t\t\t\t\t\t\t\t\t\t\t\t\t<img fetchpriority=\"high\" decoding=\"async\" width=\"960\" height=\"576\" src=\"https:\/\/lgbtiberatungsaar.de\/wp-content\/uploads\/2019\/10\/trans-1792756_960_720.jpg\" class=\"attachment-full size-full wp-image-233\" alt=\"\" srcset=\"https:\/\/lgbtiberatungsaar.de\/wp-content\/uploads\/2019\/10\/trans-1792756_960_720.jpg 960w, https:\/\/lgbtiberatungsaar.de\/wp-content\/uploads\/2019\/10\/trans-1792756_960_720-300x180.jpg 300w, https:\/\/lgbtiberatungsaar.de\/wp-content\/uploads\/2019\/10\/trans-1792756_960_720-768x461.jpg 768w\" sizes=\"(max-width: 960px) 100vw, 960px\" \/>\t\t\t\t\t\t\t\t\t\t\t\t\t\t\t<\/div>\n\t\t\t\t<\/div>\n\t\t\t\t\t<\/div>\n\t\t<\/div>\n\t\t\t\t\t<\/div>\n\t\t<\/section>\n\t\t\t\t\t<\/div>\n\t\t<\/div>\n\t\t\t\t\t<\/div>\n\t\t<\/section>\n\t\t\t\t<\/div>\n\t\t","protected":false},"excerpt":{"rendered":"<p>Transgender , Trans* Transgender\u00a0ist eine Bezeichnung f\u00fcr Personen, deren\u00a0Geschlechtsidentit\u00e4t\u00a0nicht oder nicht vollst\u00e4ndig mit dem nach der Geburt anhand der \u00e4u\u00dferen Merkmale eingetragenen Geschlecht \u00fcbereinstimmt oder die eine bin\u00e4re Zuordnung ablehnen. Der zunehmende Gebrauch der Bezeichnung\u00a0Transgender\u00a0zeigt eine Abkehr von dem in Rechtsprechung und Gesetzgebung vorherrschenden,\u00a0heteronormativen\u00a0und auf k\u00f6rperliche Eindeutigkeit fokussierten Konzept der\u00a0Transsexualit\u00e4t, dessen\u00a0pathologisierender\u00a0Kontext von der Medizin und [&hellip;]<\/p>\n","protected":false},"author":1,"featured_media":0,"parent":0,"menu_order":0,"comment_status":"closed","ping_status":"closed","template":"","meta":{"footnotes":""},"class_list":["post-232","page","type-page","status-publish","hentry"],"_links":{"self":[{"href":"https:\/\/lgbtiberatungsaar.de\/index.php?rest_route=\/wp\/v2\/pages\/232","targetHints":{"allow":["GET"]}}],"collection":[{"href":"https:\/\/lgbtiberatungsaar.de\/index.php?rest_route=\/wp\/v2\/pages"}],"about":[{"href":"https:\/\/lgbtiberatungsaar.de\/index.php?rest_route=\/wp\/v2\/types\/page"}],"author":[{"embeddable":true,"href":"https:\/\/lgbtiberatungsaar.de\/index.php?rest_route=\/wp\/v2\/users\/1"}],"replies":[{"embeddable":true,"href":"https:\/\/lgbtiberatungsaar.de\/index.php?rest_route=%2Fwp%2Fv2%2Fcomments&post=232"}],"version-history":[{"count":2,"href":"https:\/\/lgbtiberatungsaar.de\/index.php?rest_route=\/wp\/v2\/pages\/232\/revisions"}],"predecessor-version":[{"id":235,"href":"https:\/\/lgbtiberatungsaar.de\/index.php?rest_route=\/wp\/v2\/pages\/232\/revisions\/235"}],"wp:attachment":[{"href":"https:\/\/lgbtiberatungsaar.de\/index.php?rest_route=%2Fwp%2Fv2%2Fmedia&parent=232"}],"curies":[{"name":"wp","href":"https:\/\/api.w.org\/{rel}","templated":true}]}}