{"id":194,"date":"2019-10-09T11:16:19","date_gmt":"2019-10-09T11:16:19","guid":{"rendered":"http:\/\/lgbtiberatungsaar.de\/?page_id=194"},"modified":"2019-11-28T21:34:54","modified_gmt":"2019-11-28T21:34:54","slug":"coming-out","status":"publish","type":"page","link":"https:\/\/lgbtiberatungsaar.de\/?page_id=194","title":{"rendered":"Coming-out"},"content":{"rendered":"\t\t<div data-elementor-type=\"wp-page\" data-elementor-id=\"194\" class=\"elementor elementor-194\">\n\t\t\t\t\t\t<section class=\"elementor-section elementor-top-section elementor-element elementor-element-00e0678 elementor-section-boxed elementor-section-height-default elementor-section-height-default\" data-id=\"00e0678\" data-element_type=\"section\" data-e-type=\"section\">\n\t\t\t\t\t\t<div class=\"elementor-container elementor-column-gap-default\">\n\t\t\t\t\t<div class=\"elementor-column elementor-col-100 elementor-top-column elementor-element elementor-element-3dd61f8\" data-id=\"3dd61f8\" data-element_type=\"column\" data-e-type=\"column\">\n\t\t\t<div class=\"elementor-widget-wrap elementor-element-populated\">\n\t\t\t\t\t\t<div class=\"elementor-element elementor-element-b62ce3d elementor-widget elementor-widget-heading\" data-id=\"b62ce3d\" data-element_type=\"widget\" data-e-type=\"widget\" data-widget_type=\"heading.default\">\n\t\t\t\t<div class=\"elementor-widget-container\">\n\t\t\t\t\t<h1 class=\"elementor-heading-title elementor-size-default\">Coming-out<\/h1>\t\t\t\t<\/div>\n\t\t\t\t<\/div>\n\t\t\t\t<section class=\"elementor-section elementor-inner-section elementor-element elementor-element-247c070 elementor-section-full_width elementor-section-height-default elementor-section-height-default\" data-id=\"247c070\" data-element_type=\"section\" data-e-type=\"section\">\n\t\t\t\t\t\t<div class=\"elementor-container elementor-column-gap-default\">\n\t\t\t\t\t<div class=\"elementor-column elementor-col-50 elementor-inner-column elementor-element elementor-element-cc44152\" data-id=\"cc44152\" data-element_type=\"column\" data-e-type=\"column\">\n\t\t\t<div class=\"elementor-widget-wrap elementor-element-populated\">\n\t\t\t\t\t\t<div class=\"elementor-element elementor-element-f4d61ce elementor-widget elementor-widget-text-editor\" data-id=\"f4d61ce\" data-element_type=\"widget\" data-e-type=\"widget\" data-widget_type=\"text-editor.default\">\n\t\t\t\t<div class=\"elementor-widget-container\">\n\t\t\t\t\t\t\t\t\t<p>Coming-out (englisch =&#8220;herauskommen&#8220;) ist der Prozess, in dem eine lesbische Frau oder ein schwuler Mann sich und seiner Umwelt gegen\u00fcber zu seiner Homosexualit\u00e4t bekennt. Dieser Prozess ist immer mit starken emotionalen und psychischen Spannungen verbunden. Es erfordert eine gewisse Ma\u00df von Mut, Selbstvertrauen, aber auch Vertrauen in die Umwelt, dass man zugibt, zu einer Minderheit zu geh\u00f6ren, die vermeintlich oder tats\u00e4chlich, von der Umwelt, oder sogar von dem Betroffenen selbst, als nicht normal oder verachtenswert betrachtet wird. Viele Betroffene betrachten ihre Phase im nachhinein als eine der wichtigsten Lebensabschnitte ihres Lebens. Dies wird nicht zuletzt auch in der zahlreichen Coming-out-Literatur deutlich, die oft auch eine Selbstreflexion der Autoren darstellen.<\/p><p>Eine positive Reaktion der Umwelt wirkt auf den Betroffenen erleichternd. Sie f\u00fchlen sich oft befreit und in ihr Selbstvertrauen best\u00e4tigt. Sie neigen dazu, optimistisch in die Zukunft zu blicken.<\/p>\t\t\t\t\t\t\t\t<\/div>\n\t\t\t\t<\/div>\n\t\t\t\t\t<\/div>\n\t\t<\/div>\n\t\t\t\t<div class=\"elementor-column elementor-col-50 elementor-inner-column elementor-element elementor-element-1ad6626\" data-id=\"1ad6626\" data-element_type=\"column\" data-e-type=\"column\">\n\t\t\t<div class=\"elementor-widget-wrap elementor-element-populated\">\n\t\t\t\t\t\t<div class=\"elementor-element elementor-element-afba769 elementor-widget elementor-widget-image\" data-id=\"afba769\" data-element_type=\"widget\" data-e-type=\"widget\" data-widget_type=\"image.default\">\n\t\t\t\t<div class=\"elementor-widget-container\">\n\t\t\t\t\t\t\t\t\t\t\t\t\t\t\t<img fetchpriority=\"high\" decoding=\"async\" width=\"960\" height=\"540\" src=\"https:\/\/lgbtiberatungsaar.de\/wp-content\/uploads\/2019\/10\/silhouette-1082129_960_720.jpg\" class=\"attachment-large size-large wp-image-195\" alt=\"\" srcset=\"https:\/\/lgbtiberatungsaar.de\/wp-content\/uploads\/2019\/10\/silhouette-1082129_960_720.jpg 960w, https:\/\/lgbtiberatungsaar.de\/wp-content\/uploads\/2019\/10\/silhouette-1082129_960_720-300x169.jpg 300w, https:\/\/lgbtiberatungsaar.de\/wp-content\/uploads\/2019\/10\/silhouette-1082129_960_720-768x432.jpg 768w\" sizes=\"(max-width: 960px) 100vw, 960px\" \/>\t\t\t\t\t\t\t\t\t\t\t\t\t\t\t<\/div>\n\t\t\t\t<\/div>\n\t\t\t\t\t<\/div>\n\t\t<\/div>\n\t\t\t\t\t<\/div>\n\t\t<\/section>\n\t\t\t\t<div class=\"elementor-element elementor-element-f7c176d elementor-widget elementor-widget-text-editor\" data-id=\"f7c176d\" data-element_type=\"widget\" data-e-type=\"widget\" data-widget_type=\"text-editor.default\">\n\t\t\t\t<div class=\"elementor-widget-container\">\n\t\t\t\t\t\t\t\t\t<p>Eine negative Reaktion der Umwelt kann Stressreaktionen bei den Betroffenen ausl\u00f6sen, die bis zu extremen Konsequenzen f\u00fchren k\u00f6nnen. Einer der prominentester Opfer, der nach seinem unfreiwilligen Outing sich das Leben nahm, war der Mathematiker Alan Turing.<\/p><p>Besonders Jugendliche sind in solchen F\u00e4llen gef\u00e4hrdet: zu den Pubert\u00e4tsproblemen gesellen sich Fragen wie &#8222;Bin ich normal? Bin ich allein so?&#8220; Dies verdeutlicht auch die erh\u00f6hte Selbstmordrate bei jungen Homosexuellen. Deswegen gibt es mittlerweile im deutschsprachigen Raum in allen gr\u00f6\u00dferen St\u00e4dten Gruppen und Organisationen, die Hilfe und Selbsthilfe anbieten. F\u00fcr l\u00e4ndliche Gegenden sind \u00fcberregionale Organisationen, meist \u00fcber Webseiten oder Telefondienste t\u00e4tig.<\/p><p>Das Coming-out ist h\u00e4ufig ein langer, mitunter Jahre w\u00e4hrender Prozess. \u00d6ffentliches Outing wie der des Berliner B\u00fcrgermeisters Klaus Wowereit findet eher selten und dann bei Prominenten statt. Meistens suchen Betroffene zun\u00e4chst Informationen \u00fcber Medien. Wenn sie selbstsicher genug f\u00fchlen, offenbaren sie sich Vertrauenspersonen. Ein offenbarendes Gespr\u00e4ch mit Eltern oder Verwandten erfolgt meist sp\u00e4ter.<\/p><p>Es gibt keinen definierten Abschluss f\u00fcr einen Coming-out-Prozess. Von v\u00f6llig offenen bis zum weitgehend zur\u00fcckgezogenen Leben reichen die Schattierungen. Kriterium ist, ob der Betroffene innerlich seine sexuelle Orientierung akzeptiert hat und sich selbst nicht verleugnet. Dabei ist zwischen dem Coming-out und dem Feststellen eigener sexuellen Orientierung zu unterscheiden. Jemand kann sich seiner homosexuellen Veranlagung bewusst sein oder sogar sexuelle Beziehungen zum selben Geschlecht haben und trotzdem Schuldgef\u00fchle oder Selbsthass empfinden.<\/p><p>Der Coming-out-Prozess ist nicht an ein bestimmtes Alter gebunden. Es gibt durchaus F\u00e4lle, wo Menschen in relativ hohem Alter sich ihren Familien offenbaren.<\/p><p>Coming-out ist auch nicht unbedingt ein einmaliger Prozess. Wann immer ein Betroffener in eine fremde Umgebung kommt (neuer Arbeitsplatz, Wohnort oder fremde Menschen, die er nicht auf Anhieb absch\u00e4tzen kann, weil sie zum Beispiel aus anderen Kulturkreisen stammen) stellt sich f\u00fcr ihn die Frage, ob und wie er sich seiner Umgebung offenbart.<\/p><p>\u00a0<\/p><p>Quellen<br \/>Text: <a href=\"http:\/\/comingouthelp.de\/welcome\/\" target=\"_blank\" rel=\"noopener\">comingouthelp.de<\/a><br \/>Bild: <a href=\"https:\/\/pixabay.com\" target=\"_blank\" rel=\"noopener\">pixabay.com<\/a><\/p>\t\t\t\t\t\t\t\t<\/div>\n\t\t\t\t<\/div>\n\t\t\t\t\t<\/div>\n\t\t<\/div>\n\t\t\t\t\t<\/div>\n\t\t<\/section>\n\t\t\t\t<\/div>\n\t\t","protected":false},"excerpt":{"rendered":"<p>Coming-out Coming-out (englisch =&#8220;herauskommen&#8220;) ist der Prozess, in dem eine lesbische Frau oder ein schwuler Mann sich und seiner Umwelt gegen\u00fcber zu seiner Homosexualit\u00e4t bekennt. Dieser Prozess ist immer mit starken emotionalen und psychischen Spannungen verbunden. Es erfordert eine gewisse Ma\u00df von Mut, Selbstvertrauen, aber auch Vertrauen in die Umwelt, dass man zugibt, zu einer [&hellip;]<\/p>\n","protected":false},"author":1,"featured_media":0,"parent":0,"menu_order":0,"comment_status":"closed","ping_status":"closed","template":"","meta":{"footnotes":""},"class_list":["post-194","page","type-page","status-publish","hentry"],"_links":{"self":[{"href":"https:\/\/lgbtiberatungsaar.de\/index.php?rest_route=\/wp\/v2\/pages\/194","targetHints":{"allow":["GET"]}}],"collection":[{"href":"https:\/\/lgbtiberatungsaar.de\/index.php?rest_route=\/wp\/v2\/pages"}],"about":[{"href":"https:\/\/lgbtiberatungsaar.de\/index.php?rest_route=\/wp\/v2\/types\/page"}],"author":[{"embeddable":true,"href":"https:\/\/lgbtiberatungsaar.de\/index.php?rest_route=\/wp\/v2\/users\/1"}],"replies":[{"embeddable":true,"href":"https:\/\/lgbtiberatungsaar.de\/index.php?rest_route=%2Fwp%2Fv2%2Fcomments&post=194"}],"version-history":[{"count":5,"href":"https:\/\/lgbtiberatungsaar.de\/index.php?rest_route=\/wp\/v2\/pages\/194\/revisions"}],"predecessor-version":[{"id":245,"href":"https:\/\/lgbtiberatungsaar.de\/index.php?rest_route=\/wp\/v2\/pages\/194\/revisions\/245"}],"wp:attachment":[{"href":"https:\/\/lgbtiberatungsaar.de\/index.php?rest_route=%2Fwp%2Fv2%2Fmedia&parent=194"}],"curies":[{"name":"wp","href":"https:\/\/api.w.org\/{rel}","templated":true}]}}