{"id":16,"date":"2019-09-20T09:15:14","date_gmt":"2019-09-20T09:15:14","guid":{"rendered":"http:\/\/lgbtiberatungsaar.de\/?page_id=16"},"modified":"2024-09-18T11:28:30","modified_gmt":"2024-09-18T11:28:30","slug":"startseite","status":"publish","type":"page","link":"https:\/\/lgbtiberatungsaar.de\/","title":{"rendered":"Startseite"},"content":{"rendered":"\t\t<div data-elementor-type=\"wp-page\" data-elementor-id=\"16\" class=\"elementor elementor-16\">\n\t\t\t\t\t\t<section class=\"elementor-section elementor-top-section elementor-element elementor-element-a32c82a elementor-section-boxed elementor-section-height-default elementor-section-height-default\" data-id=\"a32c82a\" data-element_type=\"section\" data-e-type=\"section\">\n\t\t\t\t\t\t<div class=\"elementor-container elementor-column-gap-default\">\n\t\t\t\t\t<div class=\"elementor-column elementor-col-100 elementor-top-column elementor-element elementor-element-0c40916\" data-id=\"0c40916\" data-element_type=\"column\" data-e-type=\"column\">\n\t\t\t<div class=\"elementor-widget-wrap elementor-element-populated\">\n\t\t\t\t\t\t<div class=\"elementor-element elementor-element-3264802 elementor-widget elementor-widget-shortcode\" data-id=\"3264802\" data-element_type=\"widget\" data-e-type=\"widget\" data-widget_type=\"shortcode.default\">\n\t\t\t\t<div class=\"elementor-widget-container\">\n\t\t\t\t\t\t\t<div class=\"elementor-shortcode\"><div id=\"metaslider-id-149\" style=\"width: 100%; margin: 0 auto;\" class=\"ml-slider-3-108-0 metaslider metaslider-flex metaslider-149 ml-slider has-dots-nav ms-theme-default\" role=\"region\" aria-label=\"New Slideshow\" data-height=\"250\" data-width=\"700\">\n    <div id=\"metaslider_container_149\">\n        <div id=\"metaslider_149\" class=\"flexslider\">\n            <ul class='slides'>\n                <li style=\"display: block; width: 100%;\" class=\"slide-272 ms-image \" aria-roledescription=\"slide\" data-date=\"2022-10-12 10:37:31\" data-filename=\"LSVD_Gruppe_9.jpg\" data-slide-type=\"image\"><a href=\"https:\/\/saar.lsvd.de\/supporters\/\" target=\"_self\" aria-label=\"View Slide Details\" class=\"metaslider_image_link\"><img fetchpriority=\"high\" decoding=\"async\" width=\"1108\" height=\"623\" src=\"https:\/\/lgbtiberatungsaar.de\/wp-content\/uploads\/2023\/10\/LSVD_Gruppe_9.jpg\" class=\"slider-149 slide-272 msDefaultImage\" alt=\"\" rel=\"\" title=\"LSVD_Gruppe_9\" srcset=\"https:\/\/lgbtiberatungsaar.de\/wp-content\/uploads\/2023\/10\/LSVD_Gruppe_9.jpg 1108w, https:\/\/lgbtiberatungsaar.de\/wp-content\/uploads\/2023\/10\/LSVD_Gruppe_9-300x169.jpg 300w, https:\/\/lgbtiberatungsaar.de\/wp-content\/uploads\/2023\/10\/LSVD_Gruppe_9-1024x576.jpg 1024w, https:\/\/lgbtiberatungsaar.de\/wp-content\/uploads\/2023\/10\/LSVD_Gruppe_9-768x432.jpg 768w\" sizes=\"(max-width: 1108px) 100vw, 1108px\" \/><\/a><div class=\"caption-wrap\"><div class=\"caption\"><div>Supporters! - Gruppe f\u00fcr Eltern, Lebenspartner*innen und Freund*innen von queeren Menschen. Jeweils am ersten Montag des Monats um 18 Uhr im LSVD-Checkpoint.<\/div><\/div><\/div><\/li>\n                <li style=\"display: none; width: 100%;\" class=\"slide-150 ms-image \" aria-roledescription=\"slide\" data-date=\"2019-10-04 16:16:17\" data-filename=\"LSVD_Gruppe_1.jpg\" data-slide-type=\"image\"><a href=\"https:\/\/saar.lsvd.de\/come-together\/\" target=\"_self\" aria-label=\"View Slide Details\" class=\"metaslider_image_link\"><img decoding=\"async\" width=\"1108\" height=\"623\" src=\"https:\/\/lgbtiberatungsaar.de\/wp-content\/uploads\/2023\/10\/LSVD_Gruppe_1.jpg\" class=\"slider-149 slide-150 msDefaultImage\" alt=\"\" rel=\"\" title=\"LSVD_Gruppe_1\" srcset=\"https:\/\/lgbtiberatungsaar.de\/wp-content\/uploads\/2023\/10\/LSVD_Gruppe_1.jpg 1108w, https:\/\/lgbtiberatungsaar.de\/wp-content\/uploads\/2023\/10\/LSVD_Gruppe_1-300x169.jpg 300w, https:\/\/lgbtiberatungsaar.de\/wp-content\/uploads\/2023\/10\/LSVD_Gruppe_1-1024x576.jpg 1024w, https:\/\/lgbtiberatungsaar.de\/wp-content\/uploads\/2023\/10\/LSVD_Gruppe_1-768x432.jpg 768w\" sizes=\"(max-width: 1108px) 100vw, 1108px\" \/><\/a><div class=\"caption-wrap\"><div class=\"caption\"><div>Come Together - Kennenlernen, quatschen, Zeit verbringen\u2013 das LSVD Come Together ist ein regelm\u00e4\u00dfiger Treffpunkt f\u00fcr alle LGBTI und Freund*innen! Immer am letzten Donnerstag im Monat, um 18 Uhr im LSVD-Checkpoint.<\/div><\/div><\/div><\/li>\n                <li style=\"display: none; width: 100%;\" class=\"slide-183 ms-image \" aria-roledescription=\"slide\" data-date=\"2019-10-08 09:40:26\" data-filename=\"LSVD_Gruppe_8.jpg\" data-slide-type=\"image\"><a href=\"https:\/\/saar.lsvd.de\/jugendgruppe-qwir\/\" target=\"_self\" aria-label=\"View Slide Details\" class=\"metaslider_image_link\"><img decoding=\"async\" width=\"1108\" height=\"623\" src=\"https:\/\/lgbtiberatungsaar.de\/wp-content\/uploads\/2024\/09\/LSVD_Gruppe_8.jpg\" class=\"slider-149 slide-183 msDefaultImage\" alt=\"\" rel=\"\" title=\"LSVD_Gruppe_8\" srcset=\"https:\/\/lgbtiberatungsaar.de\/wp-content\/uploads\/2024\/09\/LSVD_Gruppe_8.jpg 1108w, https:\/\/lgbtiberatungsaar.de\/wp-content\/uploads\/2024\/09\/LSVD_Gruppe_8-300x169.jpg 300w, https:\/\/lgbtiberatungsaar.de\/wp-content\/uploads\/2024\/09\/LSVD_Gruppe_8-1024x576.jpg 1024w, https:\/\/lgbtiberatungsaar.de\/wp-content\/uploads\/2024\/09\/LSVD_Gruppe_8-768x432.jpg 768w\" sizes=\"(max-width: 1108px) 100vw, 1108px\" \/><\/a><div class=\"caption-wrap\"><div class=\"caption\"><div>QWir ist ein Ort von jungen LGBTI* fu\u0308r junge LGBTI*, bei dem Empowerment und Austausch im Vordergrund stehen. Lerne neue Leute kennen \u2013 ob an Themenabenden, in lockeren Runden oder bei Veranstaltungen au\u00dferhalb. QWir richtet sich an Queers von 18 bis circa 30 Jahre.<\/div><\/div><\/div><\/li>\n                <li style=\"display: none; width: 100%;\" class=\"slide-279 ms-image \" aria-roledescription=\"slide\" data-date=\"2023-10-14 21:24:36\" data-filename=\"LSVD_Projekte_5.jpg\" data-slide-type=\"image\"><a href=\"https:\/\/saar.lsvd.de\/gruppen\/\" target=\"_self\" aria-label=\"View Slide Details\" class=\"metaslider_image_link\"><img loading=\"lazy\" decoding=\"async\" width=\"1108\" height=\"623\" src=\"https:\/\/lgbtiberatungsaar.de\/wp-content\/uploads\/2023\/10\/LSVD_Projekte_5.jpg\" class=\"slider-149 slide-279 msDefaultImage\" alt=\"\" rel=\"\" title=\"LSVD_Projekte_5\" srcset=\"https:\/\/lgbtiberatungsaar.de\/wp-content\/uploads\/2023\/10\/LSVD_Projekte_5.jpg 1108w, https:\/\/lgbtiberatungsaar.de\/wp-content\/uploads\/2023\/10\/LSVD_Projekte_5-300x169.jpg 300w, https:\/\/lgbtiberatungsaar.de\/wp-content\/uploads\/2023\/10\/LSVD_Projekte_5-1024x576.jpg 1024w, https:\/\/lgbtiberatungsaar.de\/wp-content\/uploads\/2023\/10\/LSVD_Projekte_5-768x432.jpg 768w\" sizes=\"(max-width: 1108px) 100vw, 1108px\" \/><\/a><div class=\"caption-wrap\"><div class=\"caption\"><div>Weitere Gruppen finden Sie hier<\/div><\/div><\/div><\/li>\n            <\/ul>\n        <\/div>\n        \n    <\/div>\n<\/div><\/div>\n\t\t\t\t\t\t<\/div>\n\t\t\t\t<\/div>\n\t\t\t\t\t<\/div>\n\t\t<\/div>\n\t\t\t\t\t<\/div>\n\t\t<\/section>\n\t\t\t\t<section class=\"elementor-section elementor-top-section elementor-element elementor-element-b737629 elementor-section-boxed elementor-section-height-default elementor-section-height-default\" data-id=\"b737629\" data-element_type=\"section\" data-e-type=\"section\">\n\t\t\t\t\t\t<div class=\"elementor-container elementor-column-gap-default\">\n\t\t\t\t\t<div class=\"elementor-column elementor-col-100 elementor-top-column elementor-element elementor-element-47088c1\" data-id=\"47088c1\" data-element_type=\"column\" data-e-type=\"column\">\n\t\t\t<div class=\"elementor-widget-wrap elementor-element-populated\">\n\t\t\t\t\t\t<div class=\"elementor-element elementor-element-5c8adc9 elementor-widget elementor-widget-heading\" data-id=\"5c8adc9\" data-element_type=\"widget\" data-e-type=\"widget\" data-widget_type=\"heading.default\">\n\t\t\t\t<div class=\"elementor-widget-container\">\n\t\t\t\t\t<h1 class=\"elementor-heading-title elementor-size-default\">LSVD-Checkpoint<\/h1>\t\t\t\t<\/div>\n\t\t\t\t<\/div>\n\t\t\t\t<section class=\"elementor-section elementor-inner-section elementor-element elementor-element-875100e elementor-section-boxed elementor-section-height-default elementor-section-height-default\" data-id=\"875100e\" data-element_type=\"section\" data-e-type=\"section\">\n\t\t\t\t\t\t<div class=\"elementor-container elementor-column-gap-default\">\n\t\t\t\t\t<div class=\"elementor-column elementor-col-50 elementor-inner-column elementor-element elementor-element-7faaa28\" data-id=\"7faaa28\" data-element_type=\"column\" data-e-type=\"column\">\n\t\t\t<div class=\"elementor-widget-wrap elementor-element-populated\">\n\t\t\t\t\t\t<div class=\"elementor-element elementor-element-27b37ed elementor-widget elementor-widget-image\" data-id=\"27b37ed\" data-element_type=\"widget\" data-e-type=\"widget\" data-settings=\"{&quot;_animation&quot;:&quot;none&quot;}\" data-widget_type=\"image.default\">\n\t\t\t\t<div class=\"elementor-widget-container\">\n\t\t\t\t\t\t\t\t\t\t\t\t\t\t\t<img loading=\"lazy\" decoding=\"async\" width=\"1024\" height=\"768\" src=\"https:\/\/lgbtiberatungsaar.de\/wp-content\/uploads\/2019\/09\/Foto-Checkpoint-2.jpg\" class=\"attachment-full size-full wp-image-30\" alt=\"\" srcset=\"https:\/\/lgbtiberatungsaar.de\/wp-content\/uploads\/2019\/09\/Foto-Checkpoint-2.jpg 1024w, https:\/\/lgbtiberatungsaar.de\/wp-content\/uploads\/2019\/09\/Foto-Checkpoint-2-300x225.jpg 300w, https:\/\/lgbtiberatungsaar.de\/wp-content\/uploads\/2019\/09\/Foto-Checkpoint-2-768x576.jpg 768w, https:\/\/lgbtiberatungsaar.de\/wp-content\/uploads\/2019\/09\/Foto-Checkpoint-2-830x623.jpg 830w, https:\/\/lgbtiberatungsaar.de\/wp-content\/uploads\/2019\/09\/Foto-Checkpoint-2-230x173.jpg 230w, https:\/\/lgbtiberatungsaar.de\/wp-content\/uploads\/2019\/09\/Foto-Checkpoint-2-350x263.jpg 350w, https:\/\/lgbtiberatungsaar.de\/wp-content\/uploads\/2019\/09\/Foto-Checkpoint-2-480x360.jpg 480w\" sizes=\"(max-width: 1024px) 100vw, 1024px\" \/>\t\t\t\t\t\t\t\t\t\t\t\t\t\t\t<\/div>\n\t\t\t\t<\/div>\n\t\t\t\t\t<\/div>\n\t\t<\/div>\n\t\t\t\t<div class=\"elementor-column elementor-col-50 elementor-inner-column elementor-element elementor-element-d640cab\" data-id=\"d640cab\" data-element_type=\"column\" data-e-type=\"column\">\n\t\t\t<div class=\"elementor-widget-wrap elementor-element-populated\">\n\t\t\t\t\t\t<div class=\"elementor-element elementor-element-e15d082 eael-flipbox-content-align-center elementor-widget elementor-widget-eael-flip-box\" data-id=\"e15d082\" data-element_type=\"widget\" data-e-type=\"widget\" data-widget_type=\"eael-flip-box.default\">\n\t\t\t\t<div class=\"elementor-widget-container\">\n\t\t\t\t\t        <div class=\"eael-elements-flip-box-container eael-animate-flip eael-animate-zoom-out eael-content eael-flip-box-hover eael-flipbox-fixed-height eael-flipbox-dynamic\">\n\n            <div class=\"eael-elements-flip-box-flip-card\">\n                <div class=\"eael-elements-flip-box-front-container\">\n                    \n                    \n                        <div class=\"eael-elements-slider-display-table\">\n                            <div class=\"eael-elements-flip-box-vertical-align\">\n                                <div class=\"eael-elements-flip-box-padding\">\n                                    <div class=\"eael-elements-flip-box-icon-image\">\n                                                                                    <i aria-hidden=\"true\" class=\"ea-flipbox-icon fab fa-instagram\"><\/i>                                                                                    <\/div>\n                                                                        <div class=\"eael-elements-flip-box-content\">\n\t                                    <p><strong><span style=\"color: #ffffff\">Schau vorbei und erfahre was uns bewegt<\/span><\/strong><\/p>                                    <\/div>\n                                <\/div>\n                            <\/div>\n                        <\/div>\n                                    <\/div>\n\n                <div class=\"eael-elements-flip-box-rear-container\">\n                                                                <div class=\"eael-elements-slider-display-table\">\n                            <div class=\"eael-elements-flip-box-vertical-align\">\n                                <div class=\"eael-elements-flip-box-padding\">\n                                                                            <div class=\"eael-elements-flip-box-icon-image\">\n                                            <i aria-hidden=\"true\" class=\"ea-flipbox-icon fab fa-instagram\"><\/i>                                                <\/div>\n                                                                                                            <div class=\"eael-elements-flip-box-content\">\n                                                                            <\/div>\n\n                                                                            <a class=\"flipbox-button\" href=\"https:\/\/www.instagram.com\/lsvdsaar\/\">\n                                                                                        Zum Instagram Profil                                                                                            <\/a>\n                                                                    <\/div>\n                            <\/div>\n                        <\/div>\n                                    <\/div>\n            <\/div>\n        <\/div>\n        \t\t\t\t<\/div>\n\t\t\t\t<\/div>\n\t\t\t\t\t<\/div>\n\t\t<\/div>\n\t\t\t\t\t<\/div>\n\t\t<\/section>\n\t\t\t\t\t<\/div>\n\t\t<\/div>\n\t\t\t\t\t<\/div>\n\t\t<\/section>\n\t\t\t\t<section class=\"elementor-section elementor-top-section elementor-element elementor-element-3232f67 elementor-section-boxed elementor-section-height-default elementor-section-height-default\" data-id=\"3232f67\" data-element_type=\"section\" data-e-type=\"section\">\n\t\t\t\t\t\t<div class=\"elementor-container elementor-column-gap-default\">\n\t\t\t\t\t<div class=\"elementor-column elementor-col-100 elementor-top-column elementor-element elementor-element-518689a\" data-id=\"518689a\" data-element_type=\"column\" data-e-type=\"column\">\n\t\t\t<div class=\"elementor-widget-wrap elementor-element-populated\">\n\t\t\t\t\t\t<div class=\"elementor-element elementor-element-5ee0b93 elementor-widget elementor-widget-spacer\" data-id=\"5ee0b93\" data-element_type=\"widget\" data-e-type=\"widget\" data-widget_type=\"spacer.default\">\n\t\t\t\t<div class=\"elementor-widget-container\">\n\t\t\t\t\t\t\t<div class=\"elementor-spacer\">\n\t\t\t<div class=\"elementor-spacer-inner\"><\/div>\n\t\t<\/div>\n\t\t\t\t\t\t<\/div>\n\t\t\t\t<\/div>\n\t\t\t\t<div class=\"elementor-element elementor-element-b18f531 elementor-widget elementor-widget-heading\" data-id=\"b18f531\" data-element_type=\"widget\" data-e-type=\"widget\" data-widget_type=\"heading.default\">\n\t\t\t\t<div class=\"elementor-widget-container\">\n\t\t\t\t\t<h1 class=\"elementor-heading-title elementor-size-default\">Aktuelles<\/h1>\t\t\t\t<\/div>\n\t\t\t\t<\/div>\n\t\t\t\t<div class=\"elementor-element elementor-element-df834d7 elementor-widget elementor-widget-eael-post-timeline\" data-id=\"df834d7\" data-element_type=\"widget\" data-e-type=\"widget\" data-widget_type=\"eael-post-timeline.default\">\n\t\t\t\t<div class=\"elementor-widget-container\">\n\t\t\t\t\t<div id=\"eael-post-timeline-df834d7\" class=\"eael-post-timeline timeline-layout-default eael-post-timeline-arrow-\">\n            <div class=\"eael-post-timeline eael-post-appender eael-post-appender-df834d7\"><article class=\"eael-timeline-post eael-timeline-column\">\n    <div class=\"eael-timeline-bullet\"><\/div>\n    <div class=\"eael-timeline-post-inner\">\n        <a class=\"eael-timeline-post-link\" href=\"https:\/\/lgbtiberatungsaar.de\/?p=259\" title=\"Erweiterte \u00d6ffnungszeiten &#038; Pers\u00f6nliche Beratung in der Cornona Zeit\">\n            <time datetime=\"Mai 4, 2020\">Mai 4, 2020<\/time>\n            <div class=\"eael-timeline-post-image  attachment-medium size-medium\" style=\"background-image: url(https:\/\/lgbtiberatungsaar.de\/wp-content\/uploads\/2020\/05\/95542069_10157855917306690_6230362465331314688_o-300x158.jpg);\"><\/div><div class=\"eael-timeline-post-title\">\n                    <h2 class=\"eael-timeline-post-title-text\">Erweiterte \u00d6ffnungszeiten &#038; Pers\u00f6nliche Beratung in der Cornona Zeit<\/h2>\n                <\/div><\/a>\n    <\/div>\n<\/article><article class=\"eael-timeline-post eael-timeline-column\">\n    <div class=\"eael-timeline-bullet\"><\/div>\n    <div class=\"eael-timeline-post-inner\">\n        <a class=\"eael-timeline-post-link\" href=\"https:\/\/lgbtiberatungsaar.de\/?p=22\" title=\"Berufungsverfahren wegen Hetzjagd endet mit Strafversch\u00e4rfung\">\n            <time datetime=\"September 20, 2019\">September 20, 2019<\/time>\n            <div class=\"eael-timeline-post-image  attachment-medium size-medium\" style=\"background-image: url(https:\/\/lgbtiberatungsaar.de\/wp-content\/uploads\/2019\/09\/xZSA-600x600.png.pagespeed.ic_.et_dz-89n7-300x300.png);\"><\/div><div class=\"eael-timeline-post-title\">\n                    <h2 class=\"eael-timeline-post-title-text\">Berufungsverfahren wegen Hetzjagd endet mit Strafversch\u00e4rfung<\/h2>\n                <\/div><\/a>\n    <\/div>\n<\/article><article class=\"eael-timeline-post eael-timeline-column\">\n    <div class=\"eael-timeline-bullet\"><\/div>\n    <div class=\"eael-timeline-post-inner\">\n        <a class=\"eael-timeline-post-link\" href=\"https:\/\/lgbtiberatungsaar.de\/?p=75\" title=\"LGBTI Beratungstelle im LSVD Checkpoint er\u00f6ffnet\">\n            <time datetime=\"Januar 1, 2019\">Januar 1, 2019<\/time>\n            <div class=\"eael-timeline-post-image  attachment-medium size-medium\" style=\"background-image: url(https:\/\/lgbtiberatungsaar.de\/wp-content\/uploads\/2019\/09\/Beratungsflyer-300x300.jpg);\"><\/div><div class=\"eael-timeline-post-title\">\n                    <h2 class=\"eael-timeline-post-title-text\">LGBTI Beratungstelle im LSVD Checkpoint er\u00f6ffnet<\/h2>\n                <\/div><\/a>\n    <\/div>\n<\/article><\/div>\n\t\t<\/div>\t\t\t\t<\/div>\n\t\t\t\t<\/div>\n\t\t\t\t\t<\/div>\n\t\t<\/div>\n\t\t\t\t\t<\/div>\n\t\t<\/section>\n\t\t\t\t<\/div>\n\t\t","protected":false},"excerpt":{"rendered":"<p>LSVD-Checkpoint Schau vorbei und erfahre was uns bewegt Zum Instagram Profil Aktuelles Mai 4, 2020 Erweiterte \u00d6ffnungszeiten &#038; Pers\u00f6nliche Beratung in der Cornona Zeit September 20, 2019 Berufungsverfahren wegen Hetzjagd endet mit Strafversch\u00e4rfung Januar 1, 2019 LGBTI Beratungstelle im LSVD Checkpoint er\u00f6ffnet<\/p>\n","protected":false},"author":1,"featured_media":0,"parent":0,"menu_order":0,"comment_status":"closed","ping_status":"closed","template":"","meta":{"footnotes":""},"class_list":["post-16","page","type-page","status-publish","hentry"],"_links":{"self":[{"href":"https:\/\/lgbtiberatungsaar.de\/index.php?rest_route=\/wp\/v2\/pages\/16","targetHints":{"allow":["GET"]}}],"collection":[{"href":"https:\/\/lgbtiberatungsaar.de\/index.php?rest_route=\/wp\/v2\/pages"}],"about":[{"href":"https:\/\/lgbtiberatungsaar.de\/index.php?rest_route=\/wp\/v2\/types\/page"}],"author":[{"embeddable":true,"href":"https:\/\/lgbtiberatungsaar.de\/index.php?rest_route=\/wp\/v2\/users\/1"}],"replies":[{"embeddable":true,"href":"https:\/\/lgbtiberatungsaar.de\/index.php?rest_route=%2Fwp%2Fv2%2Fcomments&post=16"}],"version-history":[{"count":5,"href":"https:\/\/lgbtiberatungsaar.de\/index.php?rest_route=\/wp\/v2\/pages\/16\/revisions"}],"predecessor-version":[{"id":294,"href":"https:\/\/lgbtiberatungsaar.de\/index.php?rest_route=\/wp\/v2\/pages\/16\/revisions\/294"}],"wp:attachment":[{"href":"https:\/\/lgbtiberatungsaar.de\/index.php?rest_route=%2Fwp%2Fv2%2Fmedia&parent=16"}],"curies":[{"name":"wp","href":"https:\/\/api.w.org\/{rel}","templated":true}]}}